{"id":244,"date":"2025-02-24T21:48:13","date_gmt":"2025-02-24T20:48:13","guid":{"rendered":"https:\/\/rawlovefilms.com\/?page_id=244"},"modified":"2025-03-03T22:21:37","modified_gmt":"2025-03-03T21:21:37","slug":"faq","status":"publish","type":"page","link":"https:\/\/rawlovefilms.com\/es\/faq\/","title":{"rendered":"FAQ"},"content":{"rendered":"\n<div class=\"wp-block-uagb-container faqheader uagb-block-79b122ee alignfull uagb-is-root-container\">\n<div class=\"wp-block-uagb-container uagb-block-564a81ba\">\n<h1 class=\"wp-block-heading\">F.A.Q.<\/h1>\n<\/div>\n\n\n\n<div class=\"wp-block-uagb-container uagb-block-b761340b\">\n<div style=\"height:300px\" aria-hidden=\"true\" class=\"wp-block-spacer\"><\/div>\n<\/div>\n<\/div>\n\n\n\n<div class=\"wp-block-uagb-container faq uagb-block-6f519fac alignfull uagb-is-root-container\">\n<div class=\"wp-block-uagb-container uagb-block-d5ed92b9\"><div class=\"wp-block-uagb-faq uagb-faq__outer-wrap uagb-block-848b2735 uagb-faq-icon-row-reverse uagb-faq-layout-accordion uagb-faq-expand-first-false uagb-faq-inactive-other-true uagb-faq__wrap uagb-buttons-layout-wrap uagb-faq-equal-height     col1\" data-faqtoggle=\"true\" role=\"tablist\"><div class=\"wp-block-uagb-faq-child uagb-faq-child__outer-wrap uagb-faq-item uagb-block-c84a2f26 \" role=\"tab\" tabindex=\"0\"><div class=\"uagb-faq-questions-button uagb-faq-questions\">\t\t\t<span class=\"uagb-icon uagb-faq-icon-wrap\">\n\t\t\t\t\t\t\t\t<svg xmlns=\"https:\/\/www.w3.org\/2000\/svg\" viewBox= \"0 0 448 512\"><path d=\"M432 256c0 17.69-14.33 32.01-32 32.01H256v144c0 17.69-14.33 31.99-32 31.99s-32-14.3-32-31.99v-144H48c-17.67 0-32-14.32-32-32.01s14.33-31.99 32-31.99H192v-144c0-17.69 14.33-32.01 32-32.01s32 14.32 32 32.01v144h144C417.7 224 432 238.3 432 256z\"><\/path><\/svg>\n\t\t\t\t\t\t\t<\/span>\n\t\t\t\t\t\t<span class=\"uagb-icon-active uagb-faq-icon-wrap\">\n\t\t\t\t\t\t\t\t<svg xmlns=\"https:\/\/www.w3.org\/2000\/svg\" viewBox= \"0 0 448 512\"><path d=\"M400 288h-352c-17.69 0-32-14.32-32-32.01s14.31-31.99 32-31.99h352c17.69 0 32 14.3 32 31.99S417.7 288 400 288z\"><\/path><\/svg>\n\t\t\t\t\t\t\t<\/span>\n\t\t\t<span class=\"uagb-question\">\u00bfSon necesarios dos vide\u00f3grafos?<\/span><\/div><div class=\"uagb-faq-content\"><p>\u00a1Absolutamente! La boda est\u00e1 llena de momentos que ocurren simult\u00e1neamente. Mientras uno filma un momento clave, el otro recoge las reacciones y emociones desde otro \u00e1ngulo, para que no os perd\u00e1is ning\u00fan detalle.<\/p><\/div><\/div><div class=\"wp-block-uagb-faq-child uagb-faq-child__outer-wrap uagb-faq-item uagb-block-8695ce3f \" role=\"tab\" tabindex=\"0\"><div class=\"uagb-faq-questions-button uagb-faq-questions\">\t\t\t<span class=\"uagb-icon uagb-faq-icon-wrap\">\n\t\t\t\t\t\t\t\t<svg xmlns=\"https:\/\/www.w3.org\/2000\/svg\" viewBox= \"0 0 448 512\"><path d=\"M432 256c0 17.69-14.33 32.01-32 32.01H256v144c0 17.69-14.33 31.99-32 31.99s-32-14.3-32-31.99v-144H48c-17.67 0-32-14.32-32-32.01s14.33-31.99 32-31.99H192v-144c0-17.69 14.33-32.01 32-32.01s32 14.32 32 32.01v144h144C417.7 224 432 238.3 432 256z\"><\/path><\/svg>\n\t\t\t\t\t\t\t<\/span>\n\t\t\t\t\t\t<span class=\"uagb-icon-active uagb-faq-icon-wrap\">\n\t\t\t\t\t\t\t\t<svg xmlns=\"https:\/\/www.w3.org\/2000\/svg\" viewBox= \"0 0 448 512\"><path d=\"M400 288h-352c-17.69 0-32-14.32-32-32.01s14.31-31.99 32-31.99h352c17.69 0 32 14.3 32 31.99S417.7 288 400 288z\"><\/path><\/svg>\n\t\t\t\t\t\t\t<\/span>\n\t\t\t<span class=\"uagb-question\">\u00bfOfrec\u00e9is tambi\u00e9n v\u00eddeo + foto?<\/span><\/div><div class=\"uagb-faq-content\"><p>Nos especializamos en v\u00eddeo, por lo que aunque tomamos algunas fotos durante el evento, nuestro enfoque principal es el v\u00eddeo. Creemos en ofrecer solo lo que dominamos plenamente, por lo que no combinamos servicios de fotograf\u00eda y v\u00eddeo.<\/p><\/div><\/div><div class=\"wp-block-uagb-faq-child uagb-faq-child__outer-wrap uagb-faq-item uagb-block-e53811f6 \" role=\"tab\" tabindex=\"0\"><div class=\"uagb-faq-questions-button uagb-faq-questions\">\t\t\t<span class=\"uagb-icon uagb-faq-icon-wrap\">\n\t\t\t\t\t\t\t\t<svg xmlns=\"https:\/\/www.w3.org\/2000\/svg\" viewBox= \"0 0 448 512\"><path d=\"M432 256c0 17.69-14.33 32.01-32 32.01H256v144c0 17.69-14.33 31.99-32 31.99s-32-14.3-32-31.99v-144H48c-17.67 0-32-14.32-32-32.01s14.33-31.99 32-31.99H192v-144c0-17.69 14.33-32.01 32-32.01s32 14.32 32 32.01v144h144C417.7 224 432 238.3 432 256z\"><\/path><\/svg>\n\t\t\t\t\t\t\t<\/span>\n\t\t\t\t\t\t<span class=\"uagb-icon-active uagb-faq-icon-wrap\">\n\t\t\t\t\t\t\t\t<svg xmlns=\"https:\/\/www.w3.org\/2000\/svg\" viewBox= \"0 0 448 512\"><path d=\"M400 288h-352c-17.69 0-32-14.32-32-32.01s14.31-31.99 32-31.99h352c17.69 0 32 14.3 32 31.99S417.7 288 400 288z\"><\/path><\/svg>\n\t\t\t\t\t\t\t<\/span>\n\t\t\t<span class=\"uagb-question\">\u00bfC\u00f3mo puedo reservar mi fecha?<\/span><\/div><div class=\"uagb-faq-content\"><p>Para reservar el d\u00eda de vuestra boda, necesitamos que firm\u00e9is un contrato y realic\u00e9is el primer pago. Esto asegurar\u00e1 que vuestra fecha quede bloqueada en nuestro calendario.<\/p><\/div><\/div><div class=\"wp-block-uagb-faq-child uagb-faq-child__outer-wrap uagb-faq-item uagb-block-375c3392 \" role=\"tab\" tabindex=\"0\"><div class=\"uagb-faq-questions-button uagb-faq-questions\">\t\t\t<span class=\"uagb-icon uagb-faq-icon-wrap\">\n\t\t\t\t\t\t\t\t<svg xmlns=\"https:\/\/www.w3.org\/2000\/svg\" viewBox= \"0 0 448 512\"><path d=\"M432 256c0 17.69-14.33 32.01-32 32.01H256v144c0 17.69-14.33 31.99-32 31.99s-32-14.3-32-31.99v-144H48c-17.67 0-32-14.32-32-32.01s14.33-31.99 32-31.99H192v-144c0-17.69 14.33-32.01 32-32.01s32 14.32 32 32.01v144h144C417.7 224 432 238.3 432 256z\"><\/path><\/svg>\n\t\t\t\t\t\t\t<\/span>\n\t\t\t\t\t\t<span class=\"uagb-icon-active uagb-faq-icon-wrap\">\n\t\t\t\t\t\t\t\t<svg xmlns=\"https:\/\/www.w3.org\/2000\/svg\" viewBox= \"0 0 448 512\"><path d=\"M400 288h-352c-17.69 0-32-14.32-32-32.01s14.31-31.99 32-31.99h352c17.69 0 32 14.3 32 31.99S417.7 288 400 288z\"><\/path><\/svg>\n\t\t\t\t\t\t\t<\/span>\n\t\t\t<span class=\"uagb-question\">\u00bfCu\u00e1ntas horas grab\u00e1is?<\/span><\/div><div class=\"uagb-faq-content\"><p>Ofrecemos una cobertura de 10 horas continuas el d\u00eda de la boda. Si dese\u00e1is que estemos presentes m\u00e1s tiempo, podemos ampliar la cobertura por horas adicionales, que se facturar\u00e1n de manera proporcional.<\/p><\/div><\/div><div class=\"wp-block-uagb-faq-child uagb-faq-child__outer-wrap uagb-faq-item uagb-block-f02da75c \" role=\"tab\" tabindex=\"0\"><div class=\"uagb-faq-questions-button uagb-faq-questions\">\t\t\t<span class=\"uagb-icon uagb-faq-icon-wrap\">\n\t\t\t\t\t\t\t\t<svg xmlns=\"https:\/\/www.w3.org\/2000\/svg\" viewBox= \"0 0 448 512\"><path d=\"M432 256c0 17.69-14.33 32.01-32 32.01H256v144c0 17.69-14.33 31.99-32 31.99s-32-14.3-32-31.99v-144H48c-17.67 0-32-14.32-32-32.01s14.33-31.99 32-31.99H192v-144c0-17.69 14.33-32.01 32-32.01s32 14.32 32 32.01v144h144C417.7 224 432 238.3 432 256z\"><\/path><\/svg>\n\t\t\t\t\t\t\t<\/span>\n\t\t\t\t\t\t<span class=\"uagb-icon-active uagb-faq-icon-wrap\">\n\t\t\t\t\t\t\t\t<svg xmlns=\"https:\/\/www.w3.org\/2000\/svg\" viewBox= \"0 0 448 512\"><path d=\"M400 288h-352c-17.69 0-32-14.32-32-32.01s14.31-31.99 32-31.99h352c17.69 0 32 14.3 32 31.99S417.7 288 400 288z\"><\/path><\/svg>\n\t\t\t\t\t\t\t<\/span>\n\t\t\t<span class=\"uagb-question\">\u00bfTen\u00e9is drone?<\/span><\/div><div class=\"uagb-faq-content\"><p>\u00a1S\u00ed! Nos encanta utilizar el dron para capturar im\u00e1genes a\u00e9reas espectaculares que aportan una perspectiva \u00fanica y cinematogr\u00e1fica a vuestro v\u00eddeo de boda. Siempre que el clima lo permita y las normativas locales lo autoricen, estaremos encantados de despegar y grabar vuestro d\u00eda desde el aire.<\/p><\/div><\/div><\/div><\/div>\n\n\n\n<div class=\"wp-block-uagb-container col2 uagb-block-2aebbd83\"><div class=\"wp-block-uagb-faq uagb-faq__outer-wrap uagb-block-fe11bd21 uagb-faq-icon-row-reverse uagb-faq-layout-accordion uagb-faq-expand-first-false uagb-faq-inactive-other-true uagb-faq__wrap uagb-buttons-layout-wrap uagb-faq-equal-height     \" data-faqtoggle=\"true\" role=\"tablist\"><div class=\"wp-block-uagb-faq-child uagb-faq-child__outer-wrap uagb-faq-item uagb-block-77a6722e \" role=\"tab\" tabindex=\"0\"><div class=\"uagb-faq-questions-button uagb-faq-questions\">\t\t\t<span class=\"uagb-icon uagb-faq-icon-wrap\">\n\t\t\t\t\t\t\t\t<svg xmlns=\"https:\/\/www.w3.org\/2000\/svg\" viewBox= \"0 0 448 512\"><path d=\"M432 256c0 17.69-14.33 32.01-32 32.01H256v144c0 17.69-14.33 31.99-32 31.99s-32-14.3-32-31.99v-144H48c-17.67 0-32-14.32-32-32.01s14.33-31.99 32-31.99H192v-144c0-17.69 14.33-32.01 32-32.01s32 14.32 32 32.01v144h144C417.7 224 432 238.3 432 256z\"><\/path><\/svg>\n\t\t\t\t\t\t\t<\/span>\n\t\t\t\t\t\t<span class=\"uagb-icon-active uagb-faq-icon-wrap\">\n\t\t\t\t\t\t\t\t<svg xmlns=\"https:\/\/www.w3.org\/2000\/svg\" viewBox= \"0 0 448 512\"><path d=\"M400 288h-352c-17.69 0-32-14.32-32-32.01s14.31-31.99 32-31.99h352c17.69 0 32 14.3 32 31.99S417.7 288 400 288z\"><\/path><\/svg>\n\t\t\t\t\t\t\t<\/span>\n\t\t\t<span class=\"uagb-question\">\u00bfCu\u00e1ndo y c\u00f3mo debemos realizar los pagos?<\/span><\/div><div class=\"uagb-faq-content\"><p>El pago se divide en dos partes: el primer 50% al formalizar la reserva y el segundo 50% un mes antes de la boda. En caso de haber gastos adicionales no contemplados en las facturas anteriores, como dietas, desplazamientos, alojamiento u otros, se a\u00f1adir\u00e1n en una tercera factura despu\u00e9s del evento.Los pagos pueden efectuarse mediante transferencia bancaria o en efectivo, seg\u00fan vuestra preferencia.<\/p><\/div><\/div><div class=\"wp-block-uagb-faq-child uagb-faq-child__outer-wrap uagb-faq-item uagb-block-26f09d60 \" role=\"tab\" tabindex=\"0\"><div class=\"uagb-faq-questions-button uagb-faq-questions\">\t\t\t<span class=\"uagb-icon uagb-faq-icon-wrap\">\n\t\t\t\t\t\t\t\t<svg xmlns=\"https:\/\/www.w3.org\/2000\/svg\" viewBox= \"0 0 448 512\"><path d=\"M432 256c0 17.69-14.33 32.01-32 32.01H256v144c0 17.69-14.33 31.99-32 31.99s-32-14.3-32-31.99v-144H48c-17.67 0-32-14.32-32-32.01s14.33-31.99 32-31.99H192v-144c0-17.69 14.33-32.01 32-32.01s32 14.32 32 32.01v144h144C417.7 224 432 238.3 432 256z\"><\/path><\/svg>\n\t\t\t\t\t\t\t<\/span>\n\t\t\t\t\t\t<span class=\"uagb-icon-active uagb-faq-icon-wrap\">\n\t\t\t\t\t\t\t\t<svg xmlns=\"https:\/\/www.w3.org\/2000\/svg\" viewBox= \"0 0 448 512\"><path d=\"M400 288h-352c-17.69 0-32-14.32-32-32.01s14.31-31.99 32-31.99h352c17.69 0 32 14.3 32 31.99S417.7 288 400 288z\"><\/path><\/svg>\n\t\t\t\t\t\t\t<\/span>\n\t\t\t<span class=\"uagb-question\">\u00bfNecesit\u00e1is alojamiento?<\/span><\/div><div class=\"uagb-faq-content\"><p>Si el desplazamiento supera los 150 km desde nuestra base (San Sebasti\u00e1n), ser\u00eda necesario proporcionar alojamiento. Con una habitaci\u00f3n sencilla cerca del lugar de la boda es suficiente.<\/p><\/div><\/div><div class=\"wp-block-uagb-faq-child uagb-faq-child__outer-wrap uagb-faq-item uagb-block-ba9e8ded \" role=\"tab\" tabindex=\"0\"><div class=\"uagb-faq-questions-button uagb-faq-questions\">\t\t\t<span class=\"uagb-icon uagb-faq-icon-wrap\">\n\t\t\t\t\t\t\t\t<svg xmlns=\"https:\/\/www.w3.org\/2000\/svg\" viewBox= \"0 0 448 512\"><path d=\"M432 256c0 17.69-14.33 32.01-32 32.01H256v144c0 17.69-14.33 31.99-32 31.99s-32-14.3-32-31.99v-144H48c-17.67 0-32-14.32-32-32.01s14.33-31.99 32-31.99H192v-144c0-17.69 14.33-32.01 32-32.01s32 14.32 32 32.01v144h144C417.7 224 432 238.3 432 256z\"><\/path><\/svg>\n\t\t\t\t\t\t\t<\/span>\n\t\t\t\t\t\t<span class=\"uagb-icon-active uagb-faq-icon-wrap\">\n\t\t\t\t\t\t\t\t<svg xmlns=\"https:\/\/www.w3.org\/2000\/svg\" viewBox= \"0 0 448 512\"><path d=\"M400 288h-352c-17.69 0-32-14.32-32-32.01s14.31-31.99 32-31.99h352c17.69 0 32 14.3 32 31.99S417.7 288 400 288z\"><\/path><\/svg>\n\t\t\t\t\t\t\t<\/span>\n\t\t\t<span class=\"uagb-question\">\u00bfEn qu\u00e9 calidad entreg\u00e1is el v\u00eddeo final?<\/span><\/div><div class=\"uagb-faq-content\"><p>Nos apasiona la tecnolog\u00eda y utilizamos equipos de \u00faltima generaci\u00f3n. Por eso, entregamos todos los archivos en la mejor calidad disponible actualmente: formato 4K.<\/p><\/div><\/div><div class=\"wp-block-uagb-faq-child uagb-faq-child__outer-wrap uagb-faq-item uagb-block-ef86291d \" role=\"tab\" tabindex=\"0\"><div class=\"uagb-faq-questions-button uagb-faq-questions\">\t\t\t<span class=\"uagb-icon uagb-faq-icon-wrap\">\n\t\t\t\t\t\t\t\t<svg xmlns=\"https:\/\/www.w3.org\/2000\/svg\" viewBox= \"0 0 448 512\"><path d=\"M432 256c0 17.69-14.33 32.01-32 32.01H256v144c0 17.69-14.33 31.99-32 31.99s-32-14.3-32-31.99v-144H48c-17.67 0-32-14.32-32-32.01s14.33-31.99 32-31.99H192v-144c0-17.69 14.33-32.01 32-32.01s32 14.32 32 32.01v144h144C417.7 224 432 238.3 432 256z\"><\/path><\/svg>\n\t\t\t\t\t\t\t<\/span>\n\t\t\t\t\t\t<span class=\"uagb-icon-active uagb-faq-icon-wrap\">\n\t\t\t\t\t\t\t\t<svg xmlns=\"https:\/\/www.w3.org\/2000\/svg\" viewBox= \"0 0 448 512\"><path d=\"M400 288h-352c-17.69 0-32-14.32-32-32.01s14.31-31.99 32-31.99h352c17.69 0 32 14.3 32 31.99S417.7 288 400 288z\"><\/path><\/svg>\n\t\t\t\t\t\t\t<\/span>\n\t\t\t<span class=\"uagb-question\">\u00bfCu\u00e1ndo recibir\u00e9 mi v\u00eddeo?<\/span><\/div><div class=\"uagb-faq-content\"><p>La postproducci\u00f3n es un proceso creativo que requiere tiempo. Nuestro objetivo es entregar el v\u00eddeo final entre dos y seis meses despu\u00e9s de la boda.<\/p><\/div><\/div><\/div><\/div>\n<\/div>\n\n\n\n<div class=\"wp-block-uagb-container faqfooter uagb-block-bee22180 alignfull uagb-is-root-container\">\n<div class=\"wp-block-uagb-container uagb-block-4546f28b\">\n<div style=\"height:300px\" aria-hidden=\"true\" class=\"wp-block-spacer\"><\/div>\n<\/div>\n\n\n\n<div class=\"wp-block-uagb-container uagb-block-06f566c1\">\n<h3 class=\"wp-block-heading\">D\u00c9JANOS CONTAR <br>TU <code>H<\/code>ISTORIA<\/h3>\n\n\n\n<p style=\"text-transform:uppercase\">Creamos v\u00eddeos de boda que te hagan sentir y te permitan apreciar el viaje de la vida y su belleza. Cada v\u00eddeo que creamos est\u00e1 elaborado con mucho mimo y personalizado exclusivamente para vosotros.<\/p>\n\n\n\n<div class=\"wp-block-buttons is-content-justification-left is-layout-flex wp-container-core-buttons-is-layout-fdcfc74e wp-block-buttons-is-layout-flex\">\n<div class=\"wp-block-button\"><a class=\"wp-block-button__link wp-element-button\" href=\"https:\/\/rawlovefilms.com\/es\/contacto\/\">CONT\u00c1CTANOS<\/a><\/div>\n<\/div>\n<\/div>\n<\/div>\n\n\n\n<p><\/p>\n","protected":false},"excerpt":{"rendered":"<p>F.A.Q. D\u00c9JANOS CONTAR TU HISTORIA Creamos v\u00eddeos de boda que te hagan sentir y te permitan apreciar el viaje de la vida y su belleza. Cada v\u00eddeo que creamos est\u00e1 elaborado con mucho mimo y personalizado exclusivamente para vosotros.<\/p>\n","protected":false},"author":1,"featured_media":0,"parent":0,"menu_order":0,"comment_status":"closed","ping_status":"closed","template":"normalpage.php","meta":{"_acf_changed":false,"_uag_custom_page_level_css":".lenis .page-template-normalpage main{\n\tpadding-top: 170px;\n}","slim_seo":{"title":"FAQ - Raw Love Films","description":"F.A.Q. D\u00c9JANOS CONTAR TU H ISTORIA Creamos v\u00eddeos de boda que te hagan sentir y te permitan apreciar el viaje de la vida y su belleza. Cada v\u00eddeo que creamos es"},"footnotes":""},"class_list":["post-244","page","type-page","status-publish","hentry"],"acf":[],"yoast_head":"<!-- This site is optimized with the Yoast SEO plugin v26.3 - https:\/\/yoast.com\/wordpress\/plugins\/seo\/ -->\n<title>FAQ - Raw Love Films<\/title>\n<meta name=\"robots\" content=\"index, follow, max-snippet:-1, max-image-preview:large, max-video-preview:-1\" \/>\n<link rel=\"canonical\" href=\"https:\/\/rawlovefilms.com\/faq\/\" \/>\n<meta property=\"og:locale\" content=\"es_ES\" \/>\n<meta property=\"og:type\" content=\"article\" \/>\n<meta property=\"og:title\" content=\"FAQ - Raw Love Films\" \/>\n<meta property=\"og:description\" content=\"F.A.Q. D\u00c9JANOS CONTAR TU HISTORIA Creamos v\u00eddeos de boda que te hagan sentir y te permitan apreciar el viaje de la vida y su belleza. Cada v\u00eddeo que creamos est\u00e1 elaborado con mucho mimo y personalizado exclusivamente para vosotros.\" \/>\n<meta property=\"og:url\" content=\"https:\/\/rawlovefilms.com\/faq\/\" \/>\n<meta property=\"og:site_name\" content=\"Raw Love Films\" \/>\n<meta property=\"article:modified_time\" content=\"2025-03-03T21:21:37+00:00\" \/>\n<meta name=\"twitter:card\" content=\"summary_large_image\" \/>\n<script type=\"application\/ld+json\" class=\"yoast-schema-graph\">{\"@context\":\"https:\/\/schema.org\",\"@graph\":[{\"@type\":\"WebPage\",\"@id\":\"https:\/\/rawlovefilms.com\/faq\/\",\"url\":\"https:\/\/rawlovefilms.com\/faq\/\",\"name\":\"FAQ - Raw Love Films\",\"isPartOf\":{\"@id\":\"https:\/\/rawlovefilms.com\/#website\"},\"datePublished\":\"2025-02-24T20:48:13+00:00\",\"dateModified\":\"2025-03-03T21:21:37+00:00\",\"breadcrumb\":{\"@id\":\"https:\/\/rawlovefilms.com\/faq\/#breadcrumb\"},\"inLanguage\":\"es\",\"potentialAction\":[{\"@type\":\"ReadAction\",\"target\":[\"https:\/\/rawlovefilms.com\/faq\/\"]}]},{\"@type\":\"BreadcrumbList\",\"@id\":\"https:\/\/rawlovefilms.com\/faq\/#breadcrumb\",\"itemListElement\":[{\"@type\":\"ListItem\",\"position\":1,\"name\":\"Home\",\"item\":\"https:\/\/rawlovefilms.com\/\"},{\"@type\":\"ListItem\",\"position\":2,\"name\":\"FAQ\"}]},{\"@type\":\"WebSite\",\"@id\":\"https:\/\/rawlovefilms.com\/#website\",\"url\":\"https:\/\/rawlovefilms.com\/\",\"name\":\"Raw Love Films\",\"description\":\"Vide\u00f3grafos de bodas\",\"publisher\":{\"@id\":\"https:\/\/rawlovefilms.com\/#organization\"},\"potentialAction\":[{\"@type\":\"SearchAction\",\"target\":{\"@type\":\"EntryPoint\",\"urlTemplate\":\"https:\/\/rawlovefilms.com\/?s={search_term_string}\"},\"query-input\":{\"@type\":\"PropertyValueSpecification\",\"valueRequired\":true,\"valueName\":\"search_term_string\"}}],\"inLanguage\":\"es\"},{\"@type\":\"Organization\",\"@id\":\"https:\/\/rawlovefilms.com\/#organization\",\"name\":\"Raw Love Films\",\"url\":\"https:\/\/rawlovefilms.com\/\",\"logo\":{\"@type\":\"ImageObject\",\"inLanguage\":\"es\",\"@id\":\"https:\/\/rawlovefilms.com\/#\/schema\/logo\/image\/\",\"url\":\"https:\/\/rawlovefilms.com\/public\/media\/2025\/01\/cropped-RLF_fondo_blanco@3x.png\",\"contentUrl\":\"https:\/\/rawlovefilms.com\/public\/media\/2025\/01\/cropped-RLF_fondo_blanco@3x.png\",\"width\":543,\"height\":543,\"caption\":\"Raw Love Films\"},\"image\":{\"@id\":\"https:\/\/rawlovefilms.com\/#\/schema\/logo\/image\/\"}}]}<\/script>\n<!-- \/ Yoast SEO plugin. -->","yoast_head_json":{"title":"FAQ - Raw Love Films","robots":{"index":"index","follow":"follow","max-snippet":"max-snippet:-1","max-image-preview":"max-image-preview:large","max-video-preview":"max-video-preview:-1"},"canonical":"https:\/\/rawlovefilms.com\/faq\/","og_locale":"es_ES","og_type":"article","og_title":"FAQ - Raw Love Films","og_description":"F.A.Q. D\u00c9JANOS CONTAR TU HISTORIA Creamos v\u00eddeos de boda que te hagan sentir y te permitan apreciar el viaje de la vida y su belleza. Cada v\u00eddeo que creamos est\u00e1 elaborado con mucho mimo y personalizado exclusivamente para vosotros.","og_url":"https:\/\/rawlovefilms.com\/faq\/","og_site_name":"Raw Love Films","article_modified_time":"2025-03-03T21:21:37+00:00","twitter_card":"summary_large_image","schema":{"@context":"https:\/\/schema.org","@graph":[{"@type":"WebPage","@id":"https:\/\/rawlovefilms.com\/faq\/","url":"https:\/\/rawlovefilms.com\/faq\/","name":"FAQ - Raw Love Films","isPartOf":{"@id":"https:\/\/rawlovefilms.com\/#website"},"datePublished":"2025-02-24T20:48:13+00:00","dateModified":"2025-03-03T21:21:37+00:00","breadcrumb":{"@id":"https:\/\/rawlovefilms.com\/faq\/#breadcrumb"},"inLanguage":"es","potentialAction":[{"@type":"ReadAction","target":["https:\/\/rawlovefilms.com\/faq\/"]}]},{"@type":"BreadcrumbList","@id":"https:\/\/rawlovefilms.com\/faq\/#breadcrumb","itemListElement":[{"@type":"ListItem","position":1,"name":"Home","item":"https:\/\/rawlovefilms.com\/"},{"@type":"ListItem","position":2,"name":"FAQ"}]},{"@type":"WebSite","@id":"https:\/\/rawlovefilms.com\/#website","url":"https:\/\/rawlovefilms.com\/","name":"Raw Love Films","description":"Vide\u00f3grafos de bodas","publisher":{"@id":"https:\/\/rawlovefilms.com\/#organization"},"potentialAction":[{"@type":"SearchAction","target":{"@type":"EntryPoint","urlTemplate":"https:\/\/rawlovefilms.com\/?s={search_term_string}"},"query-input":{"@type":"PropertyValueSpecification","valueRequired":true,"valueName":"search_term_string"}}],"inLanguage":"es"},{"@type":"Organization","@id":"https:\/\/rawlovefilms.com\/#organization","name":"Raw Love Films","url":"https:\/\/rawlovefilms.com\/","logo":{"@type":"ImageObject","inLanguage":"es","@id":"https:\/\/rawlovefilms.com\/#\/schema\/logo\/image\/","url":"https:\/\/rawlovefilms.com\/public\/media\/2025\/01\/cropped-RLF_fondo_blanco@3x.png","contentUrl":"https:\/\/rawlovefilms.com\/public\/media\/2025\/01\/cropped-RLF_fondo_blanco@3x.png","width":543,"height":543,"caption":"Raw Love Films"},"image":{"@id":"https:\/\/rawlovefilms.com\/#\/schema\/logo\/image\/"}}]}},"uagb_featured_image_src":{"full":false,"thumbnail":false,"medium":false,"medium_large":false,"large":false,"1536x1536":false,"2048x2048":false},"uagb_author_info":{"display_name":"axliweb","author_link":"https:\/\/rawlovefilms.com\/es\/author\/axliweb\/"},"uagb_comment_info":0,"uagb_excerpt":"F.A.Q. D\u00c9JANOS CONTAR TU HISTORIA Creamos v\u00eddeos de boda que te hagan sentir y te permitan apreciar el viaje de la vida y su belleza. Cada v\u00eddeo que creamos est\u00e1 elaborado con mucho mimo y personalizado exclusivamente para vosotros.","_links":{"self":[{"href":"https:\/\/rawlovefilms.com\/es\/wp-json\/wp\/v2\/pages\/244","targetHints":{"allow":["GET"]}}],"collection":[{"href":"https:\/\/rawlovefilms.com\/es\/wp-json\/wp\/v2\/pages"}],"about":[{"href":"https:\/\/rawlovefilms.com\/es\/wp-json\/wp\/v2\/types\/page"}],"author":[{"embeddable":true,"href":"https:\/\/rawlovefilms.com\/es\/wp-json\/wp\/v2\/users\/1"}],"replies":[{"embeddable":true,"href":"https:\/\/rawlovefilms.com\/es\/wp-json\/wp\/v2\/comments?post=244"}],"version-history":[{"count":27,"href":"https:\/\/rawlovefilms.com\/es\/wp-json\/wp\/v2\/pages\/244\/revisions"}],"predecessor-version":[{"id":382,"href":"https:\/\/rawlovefilms.com\/es\/wp-json\/wp\/v2\/pages\/244\/revisions\/382"}],"wp:attachment":[{"href":"https:\/\/rawlovefilms.com\/es\/wp-json\/wp\/v2\/media?parent=244"}],"curies":[{"name":"wp","href":"https:\/\/api.w.org\/{rel}","templated":true}]}}