{"id":8,"date":"2025-01-28T11:45:53","date_gmt":"2025-01-28T10:45:53","guid":{"rendered":"https:\/\/rawlovefilms.com\/?page_id=8"},"modified":"2025-03-03T22:25:12","modified_gmt":"2025-03-03T21:25:12","slug":"inicio","status":"publish","type":"page","link":"https:\/\/rawlovefilms.com\/es\/","title":{"rendered":"Inicio"},"content":{"rendered":"\n<div id=\"hero\" class=\"wp-block-uagb-container hero uagb-block-7a85b3f5 default uagb-is-root-container\"><div class=\"uagb-container__video-wrap\"><video autoplay loop muted playsinline><source src=\"https:\/\/rawlovefilms.com\/public\/media\/2025\/02\/Video-intro-Web_HD.mp4\" type=\"video\/mp4\"\/><\/video><\/div>\n<h1 class=\"titulo-animado\">\n  <span class=\"linea-izquierda\">WEDDING<\/span><br>\n  <span class=\"linea-derecha\">FILMS<\/span>\n<\/h1>\n\n\n\n<p class=\"refined\">REFINED<br>BUT RAW<\/p>\n<\/div>\n\n\n\n<div id=\"tell\" class=\"wp-block-uagb-container tell uagb-block-26797f14 default uagb-is-root-container\">\n<h2 class=\"wp-block-heading has-text-align-right\"><kbd>WE <code>TELL<\/code><br><em>S<\/em>TORIES<\/kbd><\/h2>\n<\/div>\n\n\n\n<div class=\"wp-block-uagb-container uagb-block-0ffc7da6 alignfull uagb-is-root-container\">\n<div class=\"wp-block-uagb-container uagb-block-857f46ed\"><\/div>\n\n\n\n<div class=\"wp-block-uagb-container uagb-block-1bca1c8b\">\n<p style=\"text-transform:uppercase\">Somos vide\u00f3grafos de bodas a nivel internacional, nos dedicamos a capturar momentos aut\u00e9nticos y naturales, transform\u00e1ndolos en una pel\u00edcula que podr\u00e1s llevar contigo para siempre.<\/p>\n<\/div>\n<\/div>\n\n\n\n<div class=\"wp-block-uagb-container uagb-block-a40a9464 alignfull uagb-is-root-container\">\n<div class=\"wp-block-uagb-container uagb-block-4697a698\">\n<figure class=\"wp-block-image size-full\"><img loading=\"lazy\" decoding=\"async\" width=\"628\" height=\"692\" src=\"https:\/\/rawlovefilms.com\/public\/media\/2025\/01\/Grupo-100@2x.jpg\" alt=\"\" class=\"wp-image-34\" srcset=\"https:\/\/rawlovefilms.com\/public\/media\/2025\/01\/Grupo-100@2x.jpg 628w, https:\/\/rawlovefilms.com\/public\/media\/2025\/01\/Grupo-100@2x-272x300.jpg 272w\" sizes=\"auto, (max-width: 628px) 100vw, 628px\" \/><\/figure>\n<\/div>\n\n\n\n<div class=\"wp-block-uagb-container creative uagb-block-6fa115b5\">\n<h3 class=\"wp-block-heading has-text-align-center\"><kbd>Fusionamos el estilo documental con una <em>NARRATIVA CREATIVA<\/em>, dando a tu boda un toque moderno, real y aut\u00e9ntico.<\/kbd><\/h3>\n<\/div>\n\n\n\n<div class=\"wp-block-uagb-container uagb-block-159dfcc3\">\n<div style=\"height:300px\" aria-hidden=\"true\" class=\"wp-block-spacer\"><\/div>\n\n\n\n<figure class=\"wp-block-image size-full\"><img loading=\"lazy\" decoding=\"async\" width=\"532\" height=\"692\" src=\"https:\/\/rawlovefilms.com\/public\/media\/2025\/01\/Grupo-97@2x.jpg\" alt=\"\" class=\"wp-image-35\" srcset=\"https:\/\/rawlovefilms.com\/public\/media\/2025\/01\/Grupo-97@2x.jpg 532w, https:\/\/rawlovefilms.com\/public\/media\/2025\/01\/Grupo-97@2x-231x300.jpg 231w\" sizes=\"auto, (max-width: 532px) 100vw, 532px\" \/><\/figure>\n<\/div>\n<\/div>\n\n\n\n<div class=\"wp-block-uagb-container uagb-block-aabece70 alignfull uagb-is-root-container\">    <div class=\"bodas-loop wrap\">\n                    <div class=\"boda-item content content--sticky content--grid bg-1\" style=\"background: url('https:\/\/rawlovefilms.com\/public\/media\/2025\/12\/Portada-Christina-Stephan-web.jpg') center center no-repeat; background-size:cover;\">\n            <a href=\"https:\/\/rawlovefilms.com\/es\/story\/christina-stefan-wedding-toledo\/\">\n                <video autoplay loop muted playsinline>\n                <source src=\"https:\/\/rawlovefilms.com\/public\/media\/2025\/12\/Video-Web-HD.mp4\" type=\"video\/mp4\">\n                Tu navegador no soporta videos en HTML5.\n                <\/video>\n                <div class='content'>\n                    <h2>CHRISTINA &#038; STEFAN<\/h2>\n\n                <\/div>\n            <\/a>\n            <\/div>\n                    <div class=\"boda-item content content--sticky content--grid bg-1\" style=\"background: url('https:\/\/rawlovefilms.com\/public\/media\/2025\/02\/7.-Foto_LR.jpg') center center no-repeat; background-size:cover;\">\n            <a href=\"https:\/\/rawlovefilms.com\/es\/story\/cailtyn-gene\/\">\n                <video autoplay loop muted playsinline>\n                <source src=\"https:\/\/rawlovefilms.com\/public\/media\/2025\/02\/Caitlyn-Gene-Intro-Web_HD_1.mp4\" type=\"video\/mp4\">\n                Tu navegador no soporta videos en HTML5.\n                <\/video>\n                <div class='content'>\n                    <h2>CAITLYN &#038; GENE<\/h2>\n\n                <\/div>\n            <\/a>\n            <\/div>\n                    <div class=\"boda-item content content--sticky content--grid bg-1\" style=\"background: url('https:\/\/rawlovefilms.com\/public\/media\/2025\/02\/6.-Foto_LR.jpg') center center no-repeat; background-size:cover;\">\n            <a href=\"https:\/\/rawlovefilms.com\/es\/story\/ben-craig\/\">\n                <video autoplay loop muted playsinline>\n                <source src=\"https:\/\/rawlovefilms.com\/public\/media\/2025\/02\/Ben-Craig-Intro-Web_HD_1.mp4\" type=\"video\/mp4\">\n                Tu navegador no soporta videos en HTML5.\n                <\/video>\n                <div class='content'>\n                    <h2>BEN &#038; CRAIG<\/h2>\n\n                <\/div>\n            <\/a>\n            <\/div>\n                    <div class=\"boda-item content content--sticky content--grid bg-1\" style=\"background: url('https:\/\/rawlovefilms.com\/public\/media\/2025\/01\/2.-Patricia-Inaki_HR.jpg') center center no-repeat; background-size:cover;\">\n            <a href=\"https:\/\/rawlovefilms.com\/es\/story\/patricia-morales-inaki-williams-boda\/\">\n                <video autoplay loop muted playsinline>\n                <source src=\"https:\/\/rawlovefilms.com\/public\/media\/2025\/02\/Patricia-Inaki-Intro-web_HD_1_1.mp4\" type=\"video\/mp4\">\n                Tu navegador no soporta videos en HTML5.\n                <\/video>\n                <div class='content'>\n                    <h2>PATRICIA &#038; I\u00d1AKI<\/h2>\n\n                <\/div>\n            <\/a>\n            <\/div>\n            <\/div>\n    \n\n\n\n<div class=\"wp-block-buttons is-content-justification-center is-layout-flex wp-container-core-buttons-is-layout-16018d1d wp-block-buttons-is-layout-flex\">\n<div class=\"wp-block-button\"><a class=\"wp-block-button__link wp-element-button\" href=\"https:\/\/rawlovefilms.com\/es\/story\/\">DESCUBRE TODAS LAS STORIES<\/a><\/div>\n<\/div>\n<\/div>\n\n\n\n<div class=\"wp-block-uagb-container ruleta uagb-block-a0b60619 alignfull uagb-is-root-container\">\n<div class=\"marquee\">\n        <div class=\"marquee-content\">\n            <span>NARRATIVA AUT\u00c9NTICA | EMOCI\u00d3N CINEMATOGR\u00c1FICA | RECUERDOS ETERNOS  |<\/span>\n            <span>NARRATIVA AUT\u00c9NTICA | EMOCI\u00d3N CINEMATOGR\u00c1FICA | RECUERDOS ETERNOS  |<\/span>\n        <\/div>\n    <\/div>\n<\/div>\n\n\n\n<div class=\"wp-block-uagb-container aboutus uagb-block-2942c5f9 default uagb-is-root-container\">\n<p class=\"has-text-align-center\">SOBRE<\/p>\n\n\n\n<figure class=\"wp-block-image aligncenter size-large\"><img loading=\"lazy\" decoding=\"async\" width=\"1024\" height=\"604\" src=\"https:\/\/rawlovefilms.com\/public\/media\/2025\/03\/DSC08605-1-1024x604.jpg\" alt=\"\" class=\"wp-image-285\" srcset=\"https:\/\/rawlovefilms.com\/public\/media\/2025\/03\/DSC08605-1-1024x604.jpg 1024w, https:\/\/rawlovefilms.com\/public\/media\/2025\/03\/DSC08605-1-300x177.jpg 300w, https:\/\/rawlovefilms.com\/public\/media\/2025\/03\/DSC08605-1-768x453.jpg 768w, https:\/\/rawlovefilms.com\/public\/media\/2025\/03\/DSC08605-1-1536x906.jpg 1536w, https:\/\/rawlovefilms.com\/public\/media\/2025\/03\/DSC08605-1.jpg 1600w\" sizes=\"auto, (max-width: 1024px) 100vw, 1024px\" \/><\/figure>\n\n\n\n<p class=\"has-text-align-center\">NOSOTROS<\/p>\n<\/div>\n\n\n\n<div class=\"wp-block-uagb-container abouttext uagb-block-e2b4303a default uagb-is-root-container\">\n<p class=\"has-text-align-center\" style=\"text-transform:uppercase\">No solo nos limitamos a capturar momentos, sino que filmamos el amor en su forma m\u00e1s pura: en cada mirada, en cada gesto, en cada sonrisa. Tu boda es un solo d\u00eda, pero los recuerdos que creamos de ella te acompa\u00f1ar\u00e1n siempre.<\/p>\n\n\n\n<p class=\"has-text-align-center\"><\/p>\n<\/div>\n\n\n\n<div class=\"wp-block-uagb-container uagb-block-529fa083 alignfull uagb-is-root-container\"><div class=\"uagb-container-inner-blocks-wrap\">\n<div class=\"wp-block-buttons is-content-justification-center is-layout-flex wp-container-core-buttons-is-layout-16018d1d wp-block-buttons-is-layout-flex\">\n<div class=\"wp-block-button\"><a class=\"wp-block-button__link wp-element-button\" href=\"https:\/\/rawlovefilms.com\/es\/somos\/\">CON\u00d3CENOS<\/a><\/div>\n<\/div>\n<\/div><\/div>\n\n\n\n<div class=\"wp-block-uagb-container uagb-block-7a997b1b alignfull uagb-is-root-container\">\n<div class=\"wp-block-uagb-container uagb-block-f2983189\">\n<h4 class=\"wp-block-heading\"><kbd>D\u00c9JANOS CONTAR <br>TU <mark style=\"background-color:rgba(0, 0, 0, 0);color:#9d7b63\" class=\"has-inline-color\">HISTORIA<\/mark><\/kbd><\/h4>\n\n\n\n<p style=\"text-transform:uppercase\">Creamos v\u00eddeos de boda que te hagan sentir y te permitan apreciar el viaje de la vida y su belleza. Cada v\u00eddeo que creamos est\u00e1 elaborado con mucho mimo y personalizado exclusivamente para vosotros.<\/p>\n\n\n\n<div class=\"wp-block-buttons is-content-justification-left is-layout-flex wp-container-core-buttons-is-layout-fdcfc74e wp-block-buttons-is-layout-flex\">\n<div class=\"wp-block-button\"><a class=\"wp-block-button__link wp-element-button\" href=\"https:\/\/rawlovefilms.com\/es\/contacto\/\">CONTACTA<\/a><\/div>\n<\/div>\n<\/div>\n\n\n\n<div class=\"wp-block-uagb-container uagb-block-ebf8a36f\">\n<figure class=\"wp-block-image size-full\"><img loading=\"lazy\" decoding=\"async\" width=\"1000\" height=\"776\" src=\"https:\/\/rawlovefilms.com\/public\/media\/2025\/03\/9.-Foto_LR.png\" alt=\"\" class=\"wp-image-308\" srcset=\"https:\/\/rawlovefilms.com\/public\/media\/2025\/03\/9.-Foto_LR.png 1000w, https:\/\/rawlovefilms.com\/public\/media\/2025\/03\/9.-Foto_LR-300x233.png 300w, https:\/\/rawlovefilms.com\/public\/media\/2025\/03\/9.-Foto_LR-768x596.png 768w\" sizes=\"auto, (max-width: 1000px) 100vw, 1000px\" \/><\/figure>\n<\/div>\n<\/div>\n","protected":false},"excerpt":{"rendered":"<p>WEDDING FILMS REFINEDBUT RAW WE TELLSTORIES Somos vide\u00f3grafos de bodas a nivel internacional, nos dedicamos a capturar momentos aut\u00e9nticos y naturales, transform\u00e1ndolos en una pel\u00edcula que podr\u00e1s llevar contigo para siempre. Fusionamos el estilo documental con una NARRATIVA CREATIVA, dando a tu boda un toque moderno, real y aut\u00e9ntico. NARRATIVA AUT\u00c9NTICA | EMOCI\u00d3N CINEMATOGR\u00c1FICA | [&hellip;]<\/p>\n","protected":false},"author":1,"featured_media":0,"parent":0,"menu_order":0,"comment_status":"closed","ping_status":"closed","template":"homepage.php","meta":{"_acf_changed":false,"_uag_custom_page_level_css":"","slim_seo":{"title":"Raw Love Films - Vide\u00f3grafos de bodas","description":"WEDDING FILMS REFINED BUT RAW WE TELL S TORIES Somos vide\u00f3grafos de bodas a nivel internacional, nos dedicamos a capturar momentos aut\u00e9nticos y naturales, trans"},"footnotes":""},"class_list":["post-8","page","type-page","status-publish","hentry"],"acf":[],"yoast_head":"<!-- This site is optimized with the Yoast SEO plugin v26.3 - https:\/\/yoast.com\/wordpress\/plugins\/seo\/ -->\n<title>Inicio - Raw Love Films<\/title>\n<meta name=\"robots\" content=\"index, follow, max-snippet:-1, max-image-preview:large, max-video-preview:-1\" \/>\n<link rel=\"canonical\" href=\"https:\/\/rawlovefilms.com\/\" \/>\n<meta property=\"og:locale\" content=\"es_ES\" \/>\n<meta property=\"og:type\" content=\"article\" \/>\n<meta property=\"og:title\" content=\"Inicio - Raw Love Films\" \/>\n<meta property=\"og:description\" content=\"WEDDING FILMS REFINEDBUT RAW WE TELLSTORIES Somos vide\u00f3grafos de bodas a nivel internacional, nos dedicamos a capturar momentos aut\u00e9nticos y naturales, transform\u00e1ndolos en una pel\u00edcula que podr\u00e1s llevar contigo para siempre. Fusionamos el estilo documental con una NARRATIVA CREATIVA, dando a tu boda un toque moderno, real y aut\u00e9ntico. NARRATIVA AUT\u00c9NTICA | EMOCI\u00d3N CINEMATOGR\u00c1FICA | [&hellip;]\" \/>\n<meta property=\"og:url\" content=\"https:\/\/rawlovefilms.com\/\" \/>\n<meta property=\"og:site_name\" content=\"Raw Love Films\" \/>\n<meta property=\"article:modified_time\" content=\"2025-03-03T21:25:12+00:00\" \/>\n<meta property=\"og:image\" content=\"https:\/\/rawlovefilms.com\/public\/media\/2025\/01\/Grupo-100@2x.jpg\" \/>\n\t<meta property=\"og:image:width\" content=\"628\" \/>\n\t<meta property=\"og:image:height\" content=\"692\" \/>\n\t<meta property=\"og:image:type\" content=\"image\/jpeg\" \/>\n<meta name=\"twitter:card\" content=\"summary_large_image\" \/>\n<meta name=\"twitter:label1\" content=\"Tiempo de lectura\" \/>\n\t<meta name=\"twitter:data1\" content=\"1 minuto\" \/>\n<script type=\"application\/ld+json\" class=\"yoast-schema-graph\">{\"@context\":\"https:\/\/schema.org\",\"@graph\":[{\"@type\":\"WebPage\",\"@id\":\"https:\/\/rawlovefilms.com\/\",\"url\":\"https:\/\/rawlovefilms.com\/\",\"name\":\"Inicio - Raw Love Films\",\"isPartOf\":{\"@id\":\"https:\/\/rawlovefilms.com\/#website\"},\"primaryImageOfPage\":{\"@id\":\"https:\/\/rawlovefilms.com\/#primaryimage\"},\"image\":{\"@id\":\"https:\/\/rawlovefilms.com\/#primaryimage\"},\"thumbnailUrl\":\"https:\/\/rawlovefilms.com\/public\/media\/2025\/01\/Grupo-100@2x.jpg\",\"datePublished\":\"2025-01-28T10:45:53+00:00\",\"dateModified\":\"2025-03-03T21:25:12+00:00\",\"breadcrumb\":{\"@id\":\"https:\/\/rawlovefilms.com\/#breadcrumb\"},\"inLanguage\":\"es\",\"potentialAction\":[{\"@type\":\"ReadAction\",\"target\":[\"https:\/\/rawlovefilms.com\/\"]}]},{\"@type\":\"ImageObject\",\"inLanguage\":\"es\",\"@id\":\"https:\/\/rawlovefilms.com\/#primaryimage\",\"url\":\"https:\/\/rawlovefilms.com\/public\/media\/2025\/01\/Grupo-100@2x.jpg\",\"contentUrl\":\"https:\/\/rawlovefilms.com\/public\/media\/2025\/01\/Grupo-100@2x.jpg\"},{\"@type\":\"BreadcrumbList\",\"@id\":\"https:\/\/rawlovefilms.com\/#breadcrumb\",\"itemListElement\":[{\"@type\":\"ListItem\",\"position\":1,\"name\":\"Home\",\"item\":\"https:\/\/rawlovefilms.com\/\"},{\"@type\":\"ListItem\",\"position\":2,\"name\":\"Inicio\"}]},{\"@type\":\"WebSite\",\"@id\":\"https:\/\/rawlovefilms.com\/#website\",\"url\":\"https:\/\/rawlovefilms.com\/\",\"name\":\"Raw Love Films\",\"description\":\"Vide\u00f3grafos de bodas\",\"publisher\":{\"@id\":\"https:\/\/rawlovefilms.com\/#organization\"},\"potentialAction\":[{\"@type\":\"SearchAction\",\"target\":{\"@type\":\"EntryPoint\",\"urlTemplate\":\"https:\/\/rawlovefilms.com\/?s={search_term_string}\"},\"query-input\":{\"@type\":\"PropertyValueSpecification\",\"valueRequired\":true,\"valueName\":\"search_term_string\"}}],\"inLanguage\":\"es\"},{\"@type\":\"Organization\",\"@id\":\"https:\/\/rawlovefilms.com\/#organization\",\"name\":\"Raw Love Films\",\"url\":\"https:\/\/rawlovefilms.com\/\",\"logo\":{\"@type\":\"ImageObject\",\"inLanguage\":\"es\",\"@id\":\"https:\/\/rawlovefilms.com\/#\/schema\/logo\/image\/\",\"url\":\"https:\/\/rawlovefilms.com\/public\/media\/2025\/01\/cropped-RLF_fondo_blanco@3x.png\",\"contentUrl\":\"https:\/\/rawlovefilms.com\/public\/media\/2025\/01\/cropped-RLF_fondo_blanco@3x.png\",\"width\":543,\"height\":543,\"caption\":\"Raw Love Films\"},\"image\":{\"@id\":\"https:\/\/rawlovefilms.com\/#\/schema\/logo\/image\/\"}}]}<\/script>\n<!-- \/ Yoast SEO plugin. -->","yoast_head_json":{"title":"Inicio - Raw Love Films","robots":{"index":"index","follow":"follow","max-snippet":"max-snippet:-1","max-image-preview":"max-image-preview:large","max-video-preview":"max-video-preview:-1"},"canonical":"https:\/\/rawlovefilms.com\/","og_locale":"es_ES","og_type":"article","og_title":"Inicio - Raw Love Films","og_description":"WEDDING FILMS REFINEDBUT RAW WE TELLSTORIES Somos vide\u00f3grafos de bodas a nivel internacional, nos dedicamos a capturar momentos aut\u00e9nticos y naturales, transform\u00e1ndolos en una pel\u00edcula que podr\u00e1s llevar contigo para siempre. Fusionamos el estilo documental con una NARRATIVA CREATIVA, dando a tu boda un toque moderno, real y aut\u00e9ntico. NARRATIVA AUT\u00c9NTICA | EMOCI\u00d3N CINEMATOGR\u00c1FICA | [&hellip;]","og_url":"https:\/\/rawlovefilms.com\/","og_site_name":"Raw Love Films","article_modified_time":"2025-03-03T21:25:12+00:00","og_image":[{"width":628,"height":692,"url":"https:\/\/rawlovefilms.com\/public\/media\/2025\/01\/Grupo-100@2x.jpg","type":"image\/jpeg"}],"twitter_card":"summary_large_image","twitter_misc":{"Tiempo de lectura":"1 minuto"},"schema":{"@context":"https:\/\/schema.org","@graph":[{"@type":"WebPage","@id":"https:\/\/rawlovefilms.com\/","url":"https:\/\/rawlovefilms.com\/","name":"Inicio - Raw Love Films","isPartOf":{"@id":"https:\/\/rawlovefilms.com\/#website"},"primaryImageOfPage":{"@id":"https:\/\/rawlovefilms.com\/#primaryimage"},"image":{"@id":"https:\/\/rawlovefilms.com\/#primaryimage"},"thumbnailUrl":"https:\/\/rawlovefilms.com\/public\/media\/2025\/01\/Grupo-100@2x.jpg","datePublished":"2025-01-28T10:45:53+00:00","dateModified":"2025-03-03T21:25:12+00:00","breadcrumb":{"@id":"https:\/\/rawlovefilms.com\/#breadcrumb"},"inLanguage":"es","potentialAction":[{"@type":"ReadAction","target":["https:\/\/rawlovefilms.com\/"]}]},{"@type":"ImageObject","inLanguage":"es","@id":"https:\/\/rawlovefilms.com\/#primaryimage","url":"https:\/\/rawlovefilms.com\/public\/media\/2025\/01\/Grupo-100@2x.jpg","contentUrl":"https:\/\/rawlovefilms.com\/public\/media\/2025\/01\/Grupo-100@2x.jpg"},{"@type":"BreadcrumbList","@id":"https:\/\/rawlovefilms.com\/#breadcrumb","itemListElement":[{"@type":"ListItem","position":1,"name":"Home","item":"https:\/\/rawlovefilms.com\/"},{"@type":"ListItem","position":2,"name":"Inicio"}]},{"@type":"WebSite","@id":"https:\/\/rawlovefilms.com\/#website","url":"https:\/\/rawlovefilms.com\/","name":"Raw Love Films","description":"Vide\u00f3grafos de bodas","publisher":{"@id":"https:\/\/rawlovefilms.com\/#organization"},"potentialAction":[{"@type":"SearchAction","target":{"@type":"EntryPoint","urlTemplate":"https:\/\/rawlovefilms.com\/?s={search_term_string}"},"query-input":{"@type":"PropertyValueSpecification","valueRequired":true,"valueName":"search_term_string"}}],"inLanguage":"es"},{"@type":"Organization","@id":"https:\/\/rawlovefilms.com\/#organization","name":"Raw Love Films","url":"https:\/\/rawlovefilms.com\/","logo":{"@type":"ImageObject","inLanguage":"es","@id":"https:\/\/rawlovefilms.com\/#\/schema\/logo\/image\/","url":"https:\/\/rawlovefilms.com\/public\/media\/2025\/01\/cropped-RLF_fondo_blanco@3x.png","contentUrl":"https:\/\/rawlovefilms.com\/public\/media\/2025\/01\/cropped-RLF_fondo_blanco@3x.png","width":543,"height":543,"caption":"Raw Love Films"},"image":{"@id":"https:\/\/rawlovefilms.com\/#\/schema\/logo\/image\/"}}]}},"uagb_featured_image_src":{"full":false,"thumbnail":false,"medium":false,"medium_large":false,"large":false,"1536x1536":false,"2048x2048":false},"uagb_author_info":{"display_name":"axliweb","author_link":"https:\/\/rawlovefilms.com\/es\/author\/axliweb\/"},"uagb_comment_info":0,"uagb_excerpt":"WEDDING FILMS REFINEDBUT RAW WE TELLSTORIES Somos vide\u00f3grafos de bodas a nivel internacional, nos dedicamos a capturar momentos aut\u00e9nticos y naturales, transform\u00e1ndolos en una pel\u00edcula que podr\u00e1s llevar contigo para siempre. Fusionamos el estilo documental con una NARRATIVA CREATIVA, dando a tu boda un toque moderno, real y aut\u00e9ntico. NARRATIVA AUT\u00c9NTICA | EMOCI\u00d3N CINEMATOGR\u00c1FICA |&hellip;","_links":{"self":[{"href":"https:\/\/rawlovefilms.com\/es\/wp-json\/wp\/v2\/pages\/8","targetHints":{"allow":["GET"]}}],"collection":[{"href":"https:\/\/rawlovefilms.com\/es\/wp-json\/wp\/v2\/pages"}],"about":[{"href":"https:\/\/rawlovefilms.com\/es\/wp-json\/wp\/v2\/types\/page"}],"author":[{"embeddable":true,"href":"https:\/\/rawlovefilms.com\/es\/wp-json\/wp\/v2\/users\/1"}],"replies":[{"embeddable":true,"href":"https:\/\/rawlovefilms.com\/es\/wp-json\/wp\/v2\/comments?post=8"}],"version-history":[{"count":86,"href":"https:\/\/rawlovefilms.com\/es\/wp-json\/wp\/v2\/pages\/8\/revisions"}],"predecessor-version":[{"id":387,"href":"https:\/\/rawlovefilms.com\/es\/wp-json\/wp\/v2\/pages\/8\/revisions\/387"}],"wp:attachment":[{"href":"https:\/\/rawlovefilms.com\/es\/wp-json\/wp\/v2\/media?parent=8"}],"curies":[{"name":"wp","href":"https:\/\/api.w.org\/{rel}","templated":true}]}}