{"id":94,"date":"2025-01-31T00:00:29","date_gmt":"2025-01-30T23:00:29","guid":{"rendered":"https:\/\/rawlovefilms.com\/?page_id=94"},"modified":"2025-03-03T22:43:23","modified_gmt":"2025-03-03T21:43:23","slug":"contacto","status":"publish","type":"page","link":"https:\/\/rawlovefilms.com\/es\/contacto\/","title":{"rendered":"Contacto"},"content":{"rendered":"\n<div class=\"wp-block-uagb-container create uagb-block-e9817413 alignfull uagb-is-root-container\">\n<h2 class=\"wp-block-heading has-text-align-center\">Creemos <br><mark style=\"background-color:rgba(0, 0, 0, 0);color:#9d7b63\" class=\"has-inline-color\">magia<\/mark> <code>J<\/code>untos<\/h2>\n\n\n\n<figure class=\"wp-block-image aligncenter size-large img\"><img loading=\"lazy\" decoding=\"async\" width=\"623\" height=\"1024\" src=\"https:\/\/rawlovefilms.com\/public\/media\/2025\/02\/1.-Foto_LR-1-623x1024.jpg\" alt=\"\" class=\"wp-image-219\" srcset=\"https:\/\/rawlovefilms.com\/public\/media\/2025\/02\/1.-Foto_LR-1-623x1024.jpg 623w, https:\/\/rawlovefilms.com\/public\/media\/2025\/02\/1.-Foto_LR-1-182x300.jpg 182w, https:\/\/rawlovefilms.com\/public\/media\/2025\/02\/1.-Foto_LR-1-768x1263.jpg 768w, https:\/\/rawlovefilms.com\/public\/media\/2025\/02\/1.-Foto_LR-1-934x1536.jpg 934w, https:\/\/rawlovefilms.com\/public\/media\/2025\/02\/1.-Foto_LR-1.jpg 1000w\" sizes=\"auto, (max-width: 623px) 100vw, 623px\" \/><\/figure>\n<\/div>\n\n\n\n<div class=\"wp-block-uagb-container form uagb-block-a2192b1a alignfull uagb-is-root-container\"><div class=\"uagb-container-inner-blocks-wrap\">\n<h3 class=\"wp-block-heading has-text-align-center\">D\u00c9JANOS CONTAR <br>TU <code>H<\/code>ISTORIA<\/h3>\n\n\n\n<p>Debido a nuestra disponibilidad limitada, no podemos grabar todas las bodas que nos gustar\u00eda, por eso nos encantar\u00eda conocer m\u00e1s sobre vosotros, vuestra historia y vuestra visi\u00f3n para el gran d\u00eda, y as\u00ed descubrir si hacemos un buen equipo.<\/p>\n\n\n\n<div class=\"wp-block-contact-form-7-contact-form-selector\">\n<div class=\"wpcf7 no-js\" id=\"wpcf7-f390-o1\" lang=\"es-ES\" dir=\"ltr\" data-wpcf7-id=\"390\">\n<div class=\"screen-reader-response\"><p role=\"status\" aria-live=\"polite\" aria-atomic=\"true\"><\/p> <ul><\/ul><\/div>\n<form action=\"\/es\/wp-json\/wp\/v2\/pages\/94#wpcf7-f390-o1\" method=\"post\" class=\"wpcf7-form init\" aria-label=\"Formulario de contacto\" novalidate=\"novalidate\" data-status=\"init\">\n<fieldset class=\"hidden-fields-container\"><input type=\"hidden\" name=\"_wpcf7\" value=\"390\" \/><input type=\"hidden\" name=\"_wpcf7_version\" value=\"6.1.5\" \/><input type=\"hidden\" name=\"_wpcf7_locale\" value=\"es_ES\" \/><input type=\"hidden\" name=\"_wpcf7_unit_tag\" value=\"wpcf7-f390-o1\" \/><input type=\"hidden\" name=\"_wpcf7_container_post\" value=\"0\" \/><input type=\"hidden\" name=\"_wpcf7_posted_data_hash\" value=\"\" \/>\n<\/fieldset>\n<p><span class=\"wpcf7-form-control-wrap\" data-name=\"your-name\"><input size=\"40\" maxlength=\"400\" class=\"wpcf7-form-control wpcf7-text wpcf7-validates-as-required\" autocomplete=\"name\" aria-required=\"true\" aria-invalid=\"false\" placeholder=\"NOMBRES\" value=\"\" type=\"text\" name=\"your-name\" \/><\/span>\n<\/p>\n<p><span class=\"wpcf7-form-control-wrap\" data-name=\"your-surname\"><input size=\"40\" maxlength=\"400\" class=\"wpcf7-form-control wpcf7-text wpcf7-validates-as-required\" aria-required=\"true\" aria-invalid=\"false\" placeholder=\"APELLIDOS\" value=\"\" type=\"text\" name=\"your-surname\" \/><\/span>\n<\/p>\n<p><span class=\"wpcf7-form-control-wrap\" data-name=\"your-email\"><input size=\"40\" maxlength=\"400\" class=\"wpcf7-form-control wpcf7-email wpcf7-validates-as-required wpcf7-text wpcf7-validates-as-email\" aria-required=\"true\" aria-invalid=\"false\" placeholder=\"EMAIL\" value=\"\" type=\"email\" name=\"your-email\" \/><\/span>\n<\/p>\n<p><span class=\"wpcf7-form-control-wrap\" data-name=\"your-phone\"><input size=\"40\" maxlength=\"400\" class=\"wpcf7-form-control wpcf7-text wpcf7-validates-as-required\" aria-required=\"true\" aria-invalid=\"false\" placeholder=\"TEL\u00c9FONO\" value=\"\" type=\"text\" name=\"your-phone\" \/><\/span>\n<\/p>\n<p><span class=\"wpcf7-form-control-wrap\" data-name=\"venue\"><input size=\"40\" maxlength=\"400\" class=\"wpcf7-form-control wpcf7-text wpcf7-validates-as-required\" aria-required=\"true\" aria-invalid=\"false\" placeholder=\"LUGAR DE CEREMONIA Y BANQUETE\" value=\"\" type=\"text\" name=\"venue\" \/><\/span>\n<\/p>\n<p><span class=\"wpcf7-form-control-wrap\" data-name=\"date\"><input size=\"40\" maxlength=\"400\" class=\"wpcf7-form-control wpcf7-text wpcf7-validates-as-required walcf7-datepicker\" aria-required=\"true\" aria-invalid=\"false\" placeholder=\"FECHA DE LA BODA\" value=\"\" type=\"text\" name=\"date\" \/><\/span>\n<\/p>\n<p><span class=\"wpcf7-form-control-wrap\" data-name=\"planner\"><input size=\"40\" maxlength=\"400\" class=\"wpcf7-form-control wpcf7-text wpcf7-validates-as-required\" aria-required=\"true\" aria-invalid=\"false\" placeholder=\"\u00bfCUENTAS CON WEDDING PLANNER?\" value=\"\" type=\"text\" name=\"planner\" \/><\/span>\n<\/p>\n<p><span class=\"wpcf7-form-control-wrap\" data-name=\"photo\"><input size=\"40\" maxlength=\"400\" class=\"wpcf7-form-control wpcf7-text wpcf7-validates-as-required\" aria-required=\"true\" aria-invalid=\"false\" placeholder=\"\u00bfQUI\u00c9N ES VUESTRO FOT\u00d3GRAFO?\" value=\"\" type=\"text\" name=\"photo\" \/><\/span>\n<\/p>\n<p><span class=\"wpcf7-form-control-wrap\" data-name=\"type\"><select class=\"wpcf7-form-control wpcf7-select wpcf7-validates-as-required\" aria-required=\"true\" aria-invalid=\"false\" name=\"type\"><option value=\"\">TIPO DE CEREMONIA<\/option><option value=\"Civil\">Civil<\/option><option value=\"Religiosa\">Religiosa<\/option><option value=\"Otros\">Otros<\/option><\/select><\/span>\n<\/p>\n<p><span class=\"wpcf7-form-control-wrap\" data-name=\"about\"><select class=\"wpcf7-form-control wpcf7-select wpcf7-validates-as-required\" aria-required=\"true\" aria-invalid=\"false\" name=\"about\"><option value=\"\">\u00bfC\u00d3MO NOS HAS CONOCIDO?<\/option><option value=\"Instagram\">Instagram<\/option><option value=\"Google\">Google<\/option><option value=\"Wedding Portal\">Wedding Portal<\/option><option value=\"Wedding Planner\">Wedding Planner<\/option><option value=\"Friends\/Family\">Friends\/Family<\/option><\/select><\/span>\n<\/p>\n<p>QUEREMOS CONOCER TU HISTORIA, EL ESTILO O TEM\u00c1TICA DE TU BODA, SORPRESAS...<br \/>\n<span class=\"wpcf7-form-control-wrap\" data-name=\"your-message\"><textarea cols=\"40\" rows=\"10\" maxlength=\"2000\" class=\"wpcf7-form-control wpcf7-textarea\" aria-invalid=\"false\" name=\"your-message\"><\/textarea><\/span>\n<\/p>\n<p><input class=\"wpcf7-form-control wpcf7-submit has-spinner\" type=\"submit\" value=\"ENVIAR\" \/>\n<\/p><div class=\"wpcf7-response-output\" aria-hidden=\"true\"><\/div>\n<\/form>\n<\/div>\n<\/div>\n<\/div><\/div>\n\n\n\n<div class=\"wp-block-uagb-container create dos uagb-block-0aef6032 alignfull uagb-is-root-container\">\n<h2 class=\"wp-block-heading has-text-align-center\">\u00bfQUI\u00c9RES SABER M\u00c1S<br>SOBRE C\u00d3MO TRABAJAMOS?<\/h2>\n\n\n\n<figure class=\"wp-block-image aligncenter size-full img\"><img loading=\"lazy\" decoding=\"async\" width=\"800\" height=\"672\" src=\"https:\/\/rawlovefilms.com\/public\/media\/2025\/02\/3.-Foto_LR-1.jpg\" alt=\"\" class=\"wp-image-236\" srcset=\"https:\/\/rawlovefilms.com\/public\/media\/2025\/02\/3.-Foto_LR-1.jpg 800w, https:\/\/rawlovefilms.com\/public\/media\/2025\/02\/3.-Foto_LR-1-300x252.jpg 300w, https:\/\/rawlovefilms.com\/public\/media\/2025\/02\/3.-Foto_LR-1-768x645.jpg 768w\" sizes=\"auto, (max-width: 800px) 100vw, 800px\" \/><\/figure>\n<\/div>\n\n\n\n<div class=\"wp-block-buttons is-content-justification-center is-layout-flex wp-container-core-buttons-is-layout-16018d1d wp-block-buttons-is-layout-flex\">\n<div class=\"wp-block-button\"><a class=\"wp-block-button__link wp-element-button\" href=\"https:\/\/rawlovefilms.com\/es\/faq\/\">VER FAQS<\/a><\/div>\n<\/div>\n\n\n\n<div style=\"height:100px\" aria-hidden=\"true\" class=\"wp-block-spacer\"><\/div>\n","protected":false},"excerpt":{"rendered":"<p>Creemos magia Juntos D\u00c9JANOS CONTAR TU HISTORIA Debido a nuestra disponibilidad limitada, no podemos grabar todas las bodas que nos gustar\u00eda, por eso nos encantar\u00eda conocer m\u00e1s sobre vosotros, vuestra historia y vuestra visi\u00f3n para el gran d\u00eda, y as\u00ed descubrir si hacemos un buen equipo. \u00bfQUI\u00c9RES SABER M\u00c1SSOBRE C\u00d3MO TRABAJAMOS?<\/p>\n","protected":false},"author":1,"featured_media":0,"parent":0,"menu_order":0,"comment_status":"closed","ping_status":"closed","template":"normalpage.php","meta":{"_acf_changed":false,"_uag_custom_page_level_css":".lenis .page-template-normalpage main{\n\tpadding-top: 171px;\n}","slim_seo":{"title":"Contacto - Raw Love Films","description":"Creemos magia J untos D\u00c9JANOS CONTAR TU H ISTORIA Debido a nuestra disponibilidad limitada, no podemos grabar todas las bodas que nos gustar\u00eda, por eso nos enca"},"footnotes":""},"class_list":["post-94","page","type-page","status-publish","hentry"],"acf":[],"yoast_head":"<!-- This site is optimized with the Yoast SEO plugin v26.3 - https:\/\/yoast.com\/wordpress\/plugins\/seo\/ -->\n<title>Contacto - Raw Love Films<\/title>\n<meta name=\"robots\" content=\"index, follow, max-snippet:-1, max-image-preview:large, max-video-preview:-1\" \/>\n<link rel=\"canonical\" href=\"https:\/\/rawlovefilms.com\/contact\/\" \/>\n<meta property=\"og:locale\" content=\"es_ES\" \/>\n<meta property=\"og:type\" content=\"article\" \/>\n<meta property=\"og:title\" content=\"Contacto - Raw Love Films\" \/>\n<meta property=\"og:description\" content=\"Creemos magia Juntos D\u00c9JANOS CONTAR TU HISTORIA Debido a nuestra disponibilidad limitada, no podemos grabar todas las bodas que nos gustar\u00eda, por eso nos encantar\u00eda conocer m\u00e1s sobre vosotros, vuestra historia y vuestra visi\u00f3n para el gran d\u00eda, y as\u00ed descubrir si hacemos un buen equipo. \u00bfQUI\u00c9RES SABER M\u00c1SSOBRE C\u00d3MO TRABAJAMOS?\" \/>\n<meta property=\"og:url\" content=\"https:\/\/rawlovefilms.com\/contact\/\" \/>\n<meta property=\"og:site_name\" content=\"Raw Love Films\" \/>\n<meta property=\"article:modified_time\" content=\"2025-03-03T21:43:23+00:00\" \/>\n<meta property=\"og:image\" content=\"https:\/\/rawlovefilms.com\/public\/media\/2025\/02\/1.-Foto_LR-1.jpg\" \/>\n\t<meta property=\"og:image:width\" content=\"1000\" \/>\n\t<meta property=\"og:image:height\" content=\"1644\" \/>\n\t<meta property=\"og:image:type\" content=\"image\/jpeg\" \/>\n<meta name=\"twitter:card\" content=\"summary_large_image\" \/>\n<script type=\"application\/ld+json\" class=\"yoast-schema-graph\">{\"@context\":\"https:\/\/schema.org\",\"@graph\":[{\"@type\":\"WebPage\",\"@id\":\"https:\/\/rawlovefilms.com\/contact\/\",\"url\":\"https:\/\/rawlovefilms.com\/contact\/\",\"name\":\"Contacto - Raw Love Films\",\"isPartOf\":{\"@id\":\"https:\/\/rawlovefilms.com\/#website\"},\"primaryImageOfPage\":{\"@id\":\"https:\/\/rawlovefilms.com\/contact\/#primaryimage\"},\"image\":{\"@id\":\"https:\/\/rawlovefilms.com\/contact\/#primaryimage\"},\"thumbnailUrl\":\"https:\/\/rawlovefilms.com\/public\/media\/2025\/02\/1.-Foto_LR-1-623x1024.jpg\",\"datePublished\":\"2025-01-30T23:00:29+00:00\",\"dateModified\":\"2025-03-03T21:43:23+00:00\",\"breadcrumb\":{\"@id\":\"https:\/\/rawlovefilms.com\/contact\/#breadcrumb\"},\"inLanguage\":\"es\",\"potentialAction\":[{\"@type\":\"ReadAction\",\"target\":[\"https:\/\/rawlovefilms.com\/contact\/\"]}]},{\"@type\":\"ImageObject\",\"inLanguage\":\"es\",\"@id\":\"https:\/\/rawlovefilms.com\/contact\/#primaryimage\",\"url\":\"https:\/\/rawlovefilms.com\/public\/media\/2025\/02\/1.-Foto_LR-1-623x1024.jpg\",\"contentUrl\":\"https:\/\/rawlovefilms.com\/public\/media\/2025\/02\/1.-Foto_LR-1-623x1024.jpg\"},{\"@type\":\"BreadcrumbList\",\"@id\":\"https:\/\/rawlovefilms.com\/contact\/#breadcrumb\",\"itemListElement\":[{\"@type\":\"ListItem\",\"position\":1,\"name\":\"Home\",\"item\":\"https:\/\/rawlovefilms.com\/\"},{\"@type\":\"ListItem\",\"position\":2,\"name\":\"Contacto\"}]},{\"@type\":\"WebSite\",\"@id\":\"https:\/\/rawlovefilms.com\/#website\",\"url\":\"https:\/\/rawlovefilms.com\/\",\"name\":\"Raw Love Films\",\"description\":\"Vide\u00f3grafos de bodas\",\"publisher\":{\"@id\":\"https:\/\/rawlovefilms.com\/#organization\"},\"potentialAction\":[{\"@type\":\"SearchAction\",\"target\":{\"@type\":\"EntryPoint\",\"urlTemplate\":\"https:\/\/rawlovefilms.com\/?s={search_term_string}\"},\"query-input\":{\"@type\":\"PropertyValueSpecification\",\"valueRequired\":true,\"valueName\":\"search_term_string\"}}],\"inLanguage\":\"es\"},{\"@type\":\"Organization\",\"@id\":\"https:\/\/rawlovefilms.com\/#organization\",\"name\":\"Raw Love Films\",\"url\":\"https:\/\/rawlovefilms.com\/\",\"logo\":{\"@type\":\"ImageObject\",\"inLanguage\":\"es\",\"@id\":\"https:\/\/rawlovefilms.com\/#\/schema\/logo\/image\/\",\"url\":\"https:\/\/rawlovefilms.com\/public\/media\/2025\/01\/cropped-RLF_fondo_blanco@3x.png\",\"contentUrl\":\"https:\/\/rawlovefilms.com\/public\/media\/2025\/01\/cropped-RLF_fondo_blanco@3x.png\",\"width\":543,\"height\":543,\"caption\":\"Raw Love Films\"},\"image\":{\"@id\":\"https:\/\/rawlovefilms.com\/#\/schema\/logo\/image\/\"}}]}<\/script>\n<!-- \/ Yoast SEO plugin. -->","yoast_head_json":{"title":"Contacto - Raw Love Films","robots":{"index":"index","follow":"follow","max-snippet":"max-snippet:-1","max-image-preview":"max-image-preview:large","max-video-preview":"max-video-preview:-1"},"canonical":"https:\/\/rawlovefilms.com\/contact\/","og_locale":"es_ES","og_type":"article","og_title":"Contacto - Raw Love Films","og_description":"Creemos magia Juntos D\u00c9JANOS CONTAR TU HISTORIA Debido a nuestra disponibilidad limitada, no podemos grabar todas las bodas que nos gustar\u00eda, por eso nos encantar\u00eda conocer m\u00e1s sobre vosotros, vuestra historia y vuestra visi\u00f3n para el gran d\u00eda, y as\u00ed descubrir si hacemos un buen equipo. \u00bfQUI\u00c9RES SABER M\u00c1SSOBRE C\u00d3MO TRABAJAMOS?","og_url":"https:\/\/rawlovefilms.com\/contact\/","og_site_name":"Raw Love Films","article_modified_time":"2025-03-03T21:43:23+00:00","og_image":[{"width":1000,"height":1644,"url":"https:\/\/rawlovefilms.com\/public\/media\/2025\/02\/1.-Foto_LR-1.jpg","type":"image\/jpeg"}],"twitter_card":"summary_large_image","schema":{"@context":"https:\/\/schema.org","@graph":[{"@type":"WebPage","@id":"https:\/\/rawlovefilms.com\/contact\/","url":"https:\/\/rawlovefilms.com\/contact\/","name":"Contacto - Raw Love Films","isPartOf":{"@id":"https:\/\/rawlovefilms.com\/#website"},"primaryImageOfPage":{"@id":"https:\/\/rawlovefilms.com\/contact\/#primaryimage"},"image":{"@id":"https:\/\/rawlovefilms.com\/contact\/#primaryimage"},"thumbnailUrl":"https:\/\/rawlovefilms.com\/public\/media\/2025\/02\/1.-Foto_LR-1-623x1024.jpg","datePublished":"2025-01-30T23:00:29+00:00","dateModified":"2025-03-03T21:43:23+00:00","breadcrumb":{"@id":"https:\/\/rawlovefilms.com\/contact\/#breadcrumb"},"inLanguage":"es","potentialAction":[{"@type":"ReadAction","target":["https:\/\/rawlovefilms.com\/contact\/"]}]},{"@type":"ImageObject","inLanguage":"es","@id":"https:\/\/rawlovefilms.com\/contact\/#primaryimage","url":"https:\/\/rawlovefilms.com\/public\/media\/2025\/02\/1.-Foto_LR-1-623x1024.jpg","contentUrl":"https:\/\/rawlovefilms.com\/public\/media\/2025\/02\/1.-Foto_LR-1-623x1024.jpg"},{"@type":"BreadcrumbList","@id":"https:\/\/rawlovefilms.com\/contact\/#breadcrumb","itemListElement":[{"@type":"ListItem","position":1,"name":"Home","item":"https:\/\/rawlovefilms.com\/"},{"@type":"ListItem","position":2,"name":"Contacto"}]},{"@type":"WebSite","@id":"https:\/\/rawlovefilms.com\/#website","url":"https:\/\/rawlovefilms.com\/","name":"Raw Love Films","description":"Vide\u00f3grafos de bodas","publisher":{"@id":"https:\/\/rawlovefilms.com\/#organization"},"potentialAction":[{"@type":"SearchAction","target":{"@type":"EntryPoint","urlTemplate":"https:\/\/rawlovefilms.com\/?s={search_term_string}"},"query-input":{"@type":"PropertyValueSpecification","valueRequired":true,"valueName":"search_term_string"}}],"inLanguage":"es"},{"@type":"Organization","@id":"https:\/\/rawlovefilms.com\/#organization","name":"Raw Love Films","url":"https:\/\/rawlovefilms.com\/","logo":{"@type":"ImageObject","inLanguage":"es","@id":"https:\/\/rawlovefilms.com\/#\/schema\/logo\/image\/","url":"https:\/\/rawlovefilms.com\/public\/media\/2025\/01\/cropped-RLF_fondo_blanco@3x.png","contentUrl":"https:\/\/rawlovefilms.com\/public\/media\/2025\/01\/cropped-RLF_fondo_blanco@3x.png","width":543,"height":543,"caption":"Raw Love Films"},"image":{"@id":"https:\/\/rawlovefilms.com\/#\/schema\/logo\/image\/"}}]}},"uagb_featured_image_src":{"full":false,"thumbnail":false,"medium":false,"medium_large":false,"large":false,"1536x1536":false,"2048x2048":false},"uagb_author_info":{"display_name":"axliweb","author_link":"https:\/\/rawlovefilms.com\/es\/author\/axliweb\/"},"uagb_comment_info":0,"uagb_excerpt":"Creemos magia Juntos D\u00c9JANOS CONTAR TU HISTORIA Debido a nuestra disponibilidad limitada, no podemos grabar todas las bodas que nos gustar\u00eda, por eso nos encantar\u00eda conocer m\u00e1s sobre vosotros, vuestra historia y vuestra visi\u00f3n para el gran d\u00eda, y as\u00ed descubrir si hacemos un buen equipo. \u00bfQUI\u00c9RES SABER M\u00c1SSOBRE C\u00d3MO TRABAJAMOS?","_links":{"self":[{"href":"https:\/\/rawlovefilms.com\/es\/wp-json\/wp\/v2\/pages\/94","targetHints":{"allow":["GET"]}}],"collection":[{"href":"https:\/\/rawlovefilms.com\/es\/wp-json\/wp\/v2\/pages"}],"about":[{"href":"https:\/\/rawlovefilms.com\/es\/wp-json\/wp\/v2\/types\/page"}],"author":[{"embeddable":true,"href":"https:\/\/rawlovefilms.com\/es\/wp-json\/wp\/v2\/users\/1"}],"replies":[{"embeddable":true,"href":"https:\/\/rawlovefilms.com\/es\/wp-json\/wp\/v2\/comments?post=94"}],"version-history":[{"count":39,"href":"https:\/\/rawlovefilms.com\/es\/wp-json\/wp\/v2\/pages\/94\/revisions"}],"predecessor-version":[{"id":433,"href":"https:\/\/rawlovefilms.com\/es\/wp-json\/wp\/v2\/pages\/94\/revisions\/433"}],"wp:attachment":[{"href":"https:\/\/rawlovefilms.com\/es\/wp-json\/wp\/v2\/media?parent=94"}],"curies":[{"name":"wp","href":"https:\/\/api.w.org\/{rel}","templated":true}]}}