{"id":96,"date":"2025-01-31T00:00:56","date_gmt":"2025-01-30T23:00:56","guid":{"rendered":"https:\/\/rawlovefilms.com\/?page_id=96"},"modified":"2025-03-03T22:59:00","modified_gmt":"2025-03-03T21:59:00","slug":"somos","status":"publish","type":"page","link":"https:\/\/rawlovefilms.com\/es\/somos\/","title":{"rendered":"Somos"},"content":{"rendered":"\n<div class=\"wp-block-uagb-container tell uagb-block-26797f14 default uagb-is-root-container\">\n<h2 class=\"wp-block-heading has-text-align-center\"><kbd>WHO <code>WE<\/code><br>ARE<\/kbd><\/h2>\n<\/div>\n\n\n\n<div class=\"wp-block-uagb-container uagb-block-0ffc7da6 default uagb-is-root-container\">\n<div class=\"wp-block-uagb-container uagb-block-857f46ed\">\n<figure class=\"wp-block-image size-full is-resized\"><img loading=\"lazy\" decoding=\"async\" width=\"600\" height=\"579\" src=\"https:\/\/rawlovefilms.com\/public\/media\/2025\/02\/2.-Foto_LR-1.jpg\" alt=\"\" class=\"wp-image-152\" style=\"width:320px;height:auto\" srcset=\"https:\/\/rawlovefilms.com\/public\/media\/2025\/02\/2.-Foto_LR-1.jpg 600w, https:\/\/rawlovefilms.com\/public\/media\/2025\/02\/2.-Foto_LR-1-300x290.jpg 300w\" sizes=\"auto, (max-width: 600px) 100vw, 600px\" \/><\/figure>\n<\/div>\n\n\n\n<div class=\"wp-block-uagb-container uagb-block-1bca1c8b\">\n<p style=\"text-transform:uppercase\">Nos enfocamos en capturar los momentos m\u00e1s aut\u00e9nticos y espont\u00e1neos de un d\u00eda tan especial, transform\u00e1ndolos en videos de boda art\u00edsticos que te sumergen en un viaje emocional.<\/p>\n<\/div>\n<\/div>\n\n\n\n<div class=\"wp-block-uagb-container life uagb-block-a40a9464 default uagb-is-root-container\">\n<div class=\"wp-block-uagb-container uagb-block-4697a698\">\n<figure class=\"wp-block-image size-full\"><img loading=\"lazy\" decoding=\"async\" width=\"933\" height=\"1119\" src=\"https:\/\/rawlovefilms.com\/public\/media\/2025\/02\/Enmascarar-grupo-22@3x.jpg\" alt=\"\" class=\"wp-image-146\" srcset=\"https:\/\/rawlovefilms.com\/public\/media\/2025\/02\/Enmascarar-grupo-22@3x.jpg 933w, https:\/\/rawlovefilms.com\/public\/media\/2025\/02\/Enmascarar-grupo-22@3x-250x300.jpg 250w, https:\/\/rawlovefilms.com\/public\/media\/2025\/02\/Enmascarar-grupo-22@3x-854x1024.jpg 854w, https:\/\/rawlovefilms.com\/public\/media\/2025\/02\/Enmascarar-grupo-22@3x-768x921.jpg 768w\" sizes=\"auto, (max-width: 933px) 100vw, 933px\" \/><\/figure>\n<\/div>\n\n\n\n<div class=\"wp-block-uagb-container creative uagb-block-6fa115b5\">\n<h3 class=\"wp-block-heading has-text-align-center\"><kbd>Con gran atenci\u00f3n al detalle y una verdadera <em>PASI\u00d3N POR CONTAR HISTORIAS, CREAMOS V\u00cdDEOS DE BOTA ATEMPORALES<\/em>, que que te permitan sentir, valorar y disfrutar de la belleza de la vida.<\/kbd><\/h3>\n<\/div>\n\n\n\n<div class=\"wp-block-uagb-container uagb-block-159dfcc3\">\n<div style=\"height:300px\" aria-hidden=\"true\" class=\"wp-block-spacer\"><\/div>\n\n\n\n<figure class=\"wp-block-image size-full\"><img loading=\"lazy\" decoding=\"async\" width=\"550\" height=\"799\" src=\"https:\/\/rawlovefilms.com\/public\/media\/2025\/02\/4.-Foto_LR-1.jpg\" alt=\"\" class=\"wp-image-147\" srcset=\"https:\/\/rawlovefilms.com\/public\/media\/2025\/02\/4.-Foto_LR-1.jpg 550w, https:\/\/rawlovefilms.com\/public\/media\/2025\/02\/4.-Foto_LR-1-207x300.jpg 207w\" sizes=\"auto, (max-width: 550px) 100vw, 550px\" \/><\/figure>\n<\/div>\n<\/div>\n\n\n\n<div class=\"wp-block-uagb-container uagb-block-39adb243 alignfull uagb-is-root-container\">\n<div class=\"wp-block-uagb-container uagb-block-a3568443 default uagb-is-root-container\">\n<div class=\"wp-block-uagb-container bio uagb-block-13f9a05b\">\n<h2 class=\"wp-block-heading\">IRAITZ<\/h2>\n\n\n\n<p>Siempre en busca de la pr\u00f3xima aventura, ya sea viajando a nuevos<br>destinos, subiendo monta\u00f1as o simplemente descubriendo algo nuevo cada d\u00eda. Me gusta poner a prueba mis l\u00edmites, tanto f\u00edsicos como mentales, ya sea en la naturaleza, haciendo deporte o mejorando mi trabajo. La m\u00fasica es una parte enorme de mi vida; para mi es la banda sonora que acompa\u00f1a nuestras, el hilo invisible que conecta los<br>momentos. No puedo quedarme quieto, pero es ah\u00ed donde encuentro mi inspiraci\u00f3n: siempre en movimiento. A trav\u00e9s de Raw Love Films, llevo mi pasi\u00f3n por la aventura, el descubrimiento y la narraci\u00f3n de historias a cada proyecto, capturando momentos naturales que hacen que tu historia sea \u00fanica.<\/p>\n<\/div>\n\n\n\n<div class=\"wp-block-uagb-container uagb-block-5943f7e6\"><\/div>\n<\/div>\n\n\n\n<div class=\"wp-block-uagb-container meet uagb-block-b6ecb5dd\">\n<h3 class=\"wp-block-heading\"><mark style=\"background-color:rgba(0, 0, 0, 0);color:#9d7b63\" class=\"has-inline-color\">CONOCE<\/mark> A LOS<br> <code>V<\/code>IDE\u00d3GRAFOS<\/h3>\n<\/div>\n\n\n\n<div class=\"wp-block-uagb-container uagb-block-77f8b2d0 default uagb-is-root-container\">\n<div class=\"wp-block-uagb-container uagb-block-db174199\"><\/div>\n\n\n\n<div class=\"wp-block-uagb-container bio uagb-block-f51c238e\">\n<h2 class=\"wp-block-heading\">LAURA<\/h2>\n\n\n\n<p>Me encanta capturar momentos reales y aut\u00e9nticos, fascinada por la manera en que la luz juega entre los \u00e1rboles y c\u00f3mo las emociones fluyen en silencio entre las personas. Soy muy sensible y veo belleza en todas partes, siempre con algo por descubrir, una historia que contar o un libro esperando ser le\u00eddo. Disfruto cada instante con mis hijos, quienes me recuerdan la magia de lo cotidiano y la belleza de las cosas simples. Como narradora de historias por naturaleza, lo que m\u00e1s me gusta es capturar el amor en su forma m\u00e1s pura, las emociones reales y esos peque\u00f1os momentos que hacen \u00fanica cada historia. Estoy profundamente agradecida por este viaje y por cada pareja que me permite ser parte de su historia de amor, con la misi\u00f3n de crear pel\u00edculas que les hagan revivir su amor una y otra vez.<\/p>\n<\/div>\n<\/div>\n<\/div>\n","protected":false},"excerpt":{"rendered":"<p>WHO WEARE Nos enfocamos en capturar los momentos m\u00e1s aut\u00e9nticos y espont\u00e1neos de un d\u00eda tan especial, transform\u00e1ndolos en videos de boda art\u00edsticos que te sumergen en un viaje emocional. Con gran atenci\u00f3n al detalle y una verdadera PASI\u00d3N POR CONTAR HISTORIAS, CREAMOS V\u00cdDEOS DE BOTA ATEMPORALES, que que te permitan sentir, valorar y disfrutar [&hellip;]<\/p>\n","protected":false},"author":1,"featured_media":0,"parent":0,"menu_order":0,"comment_status":"closed","ping_status":"closed","template":"normalpage.php","meta":{"_acf_changed":false,"_uag_custom_page_level_css":"","slim_seo":{"title":"Somos - Raw Love Films","description":"WHO WE ARE Nos enfocamos en capturar los momentos m\u00e1s aut\u00e9nticos y espont\u00e1neos de un d\u00eda tan especial, transform\u00e1ndolos en videos de boda art\u00edsticos que te sume"},"footnotes":""},"class_list":["post-96","page","type-page","status-publish","hentry"],"acf":[],"yoast_head":"<!-- This site is optimized with the Yoast SEO plugin v26.3 - https:\/\/yoast.com\/wordpress\/plugins\/seo\/ -->\n<title>Somos - Raw Love Films<\/title>\n<meta name=\"robots\" content=\"index, follow, max-snippet:-1, max-image-preview:large, max-video-preview:-1\" \/>\n<link rel=\"canonical\" href=\"https:\/\/rawlovefilms.com\/about\/\" \/>\n<meta property=\"og:locale\" content=\"es_ES\" \/>\n<meta property=\"og:type\" content=\"article\" \/>\n<meta property=\"og:title\" content=\"Somos - Raw Love Films\" \/>\n<meta property=\"og:description\" content=\"WHO WEARE Nos enfocamos en capturar los momentos m\u00e1s aut\u00e9nticos y espont\u00e1neos de un d\u00eda tan especial, transform\u00e1ndolos en videos de boda art\u00edsticos que te sumergen en un viaje emocional. Con gran atenci\u00f3n al detalle y una verdadera PASI\u00d3N POR CONTAR HISTORIAS, CREAMOS V\u00cdDEOS DE BOTA ATEMPORALES, que que te permitan sentir, valorar y disfrutar [&hellip;]\" \/>\n<meta property=\"og:url\" content=\"https:\/\/rawlovefilms.com\/about\/\" \/>\n<meta property=\"og:site_name\" content=\"Raw Love Films\" \/>\n<meta property=\"article:modified_time\" content=\"2025-03-03T21:59:00+00:00\" \/>\n<meta property=\"og:image\" content=\"https:\/\/rawlovefilms.com\/public\/media\/2025\/02\/2.-Foto_LR-1.jpg\" \/>\n\t<meta property=\"og:image:width\" content=\"600\" \/>\n\t<meta property=\"og:image:height\" content=\"579\" \/>\n\t<meta property=\"og:image:type\" content=\"image\/jpeg\" \/>\n<meta name=\"twitter:card\" content=\"summary_large_image\" \/>\n<meta name=\"twitter:label1\" content=\"Tiempo de lectura\" \/>\n\t<meta name=\"twitter:data1\" content=\"2 minutos\" \/>\n<script type=\"application\/ld+json\" class=\"yoast-schema-graph\">{\"@context\":\"https:\/\/schema.org\",\"@graph\":[{\"@type\":\"WebPage\",\"@id\":\"https:\/\/rawlovefilms.com\/about\/\",\"url\":\"https:\/\/rawlovefilms.com\/about\/\",\"name\":\"Somos - Raw Love Films\",\"isPartOf\":{\"@id\":\"https:\/\/rawlovefilms.com\/#website\"},\"primaryImageOfPage\":{\"@id\":\"https:\/\/rawlovefilms.com\/about\/#primaryimage\"},\"image\":{\"@id\":\"https:\/\/rawlovefilms.com\/about\/#primaryimage\"},\"thumbnailUrl\":\"https:\/\/rawlovefilms.com\/public\/media\/2025\/02\/2.-Foto_LR-1.jpg\",\"datePublished\":\"2025-01-30T23:00:56+00:00\",\"dateModified\":\"2025-03-03T21:59:00+00:00\",\"breadcrumb\":{\"@id\":\"https:\/\/rawlovefilms.com\/about\/#breadcrumb\"},\"inLanguage\":\"es\",\"potentialAction\":[{\"@type\":\"ReadAction\",\"target\":[\"https:\/\/rawlovefilms.com\/about\/\"]}]},{\"@type\":\"ImageObject\",\"inLanguage\":\"es\",\"@id\":\"https:\/\/rawlovefilms.com\/about\/#primaryimage\",\"url\":\"https:\/\/rawlovefilms.com\/public\/media\/2025\/02\/2.-Foto_LR-1.jpg\",\"contentUrl\":\"https:\/\/rawlovefilms.com\/public\/media\/2025\/02\/2.-Foto_LR-1.jpg\"},{\"@type\":\"BreadcrumbList\",\"@id\":\"https:\/\/rawlovefilms.com\/about\/#breadcrumb\",\"itemListElement\":[{\"@type\":\"ListItem\",\"position\":1,\"name\":\"Home\",\"item\":\"https:\/\/rawlovefilms.com\/\"},{\"@type\":\"ListItem\",\"position\":2,\"name\":\"Somos\"}]},{\"@type\":\"WebSite\",\"@id\":\"https:\/\/rawlovefilms.com\/#website\",\"url\":\"https:\/\/rawlovefilms.com\/\",\"name\":\"Raw Love Films\",\"description\":\"Vide\u00f3grafos de bodas\",\"publisher\":{\"@id\":\"https:\/\/rawlovefilms.com\/#organization\"},\"potentialAction\":[{\"@type\":\"SearchAction\",\"target\":{\"@type\":\"EntryPoint\",\"urlTemplate\":\"https:\/\/rawlovefilms.com\/?s={search_term_string}\"},\"query-input\":{\"@type\":\"PropertyValueSpecification\",\"valueRequired\":true,\"valueName\":\"search_term_string\"}}],\"inLanguage\":\"es\"},{\"@type\":\"Organization\",\"@id\":\"https:\/\/rawlovefilms.com\/#organization\",\"name\":\"Raw Love Films\",\"url\":\"https:\/\/rawlovefilms.com\/\",\"logo\":{\"@type\":\"ImageObject\",\"inLanguage\":\"es\",\"@id\":\"https:\/\/rawlovefilms.com\/#\/schema\/logo\/image\/\",\"url\":\"https:\/\/rawlovefilms.com\/public\/media\/2025\/01\/cropped-RLF_fondo_blanco@3x.png\",\"contentUrl\":\"https:\/\/rawlovefilms.com\/public\/media\/2025\/01\/cropped-RLF_fondo_blanco@3x.png\",\"width\":543,\"height\":543,\"caption\":\"Raw Love Films\"},\"image\":{\"@id\":\"https:\/\/rawlovefilms.com\/#\/schema\/logo\/image\/\"}}]}<\/script>\n<!-- \/ Yoast SEO plugin. -->","yoast_head_json":{"title":"Somos - Raw Love Films","robots":{"index":"index","follow":"follow","max-snippet":"max-snippet:-1","max-image-preview":"max-image-preview:large","max-video-preview":"max-video-preview:-1"},"canonical":"https:\/\/rawlovefilms.com\/about\/","og_locale":"es_ES","og_type":"article","og_title":"Somos - Raw Love Films","og_description":"WHO WEARE Nos enfocamos en capturar los momentos m\u00e1s aut\u00e9nticos y espont\u00e1neos de un d\u00eda tan especial, transform\u00e1ndolos en videos de boda art\u00edsticos que te sumergen en un viaje emocional. Con gran atenci\u00f3n al detalle y una verdadera PASI\u00d3N POR CONTAR HISTORIAS, CREAMOS V\u00cdDEOS DE BOTA ATEMPORALES, que que te permitan sentir, valorar y disfrutar [&hellip;]","og_url":"https:\/\/rawlovefilms.com\/about\/","og_site_name":"Raw Love Films","article_modified_time":"2025-03-03T21:59:00+00:00","og_image":[{"width":600,"height":579,"url":"https:\/\/rawlovefilms.com\/public\/media\/2025\/02\/2.-Foto_LR-1.jpg","type":"image\/jpeg"}],"twitter_card":"summary_large_image","twitter_misc":{"Tiempo de lectura":"2 minutos"},"schema":{"@context":"https:\/\/schema.org","@graph":[{"@type":"WebPage","@id":"https:\/\/rawlovefilms.com\/about\/","url":"https:\/\/rawlovefilms.com\/about\/","name":"Somos - Raw Love Films","isPartOf":{"@id":"https:\/\/rawlovefilms.com\/#website"},"primaryImageOfPage":{"@id":"https:\/\/rawlovefilms.com\/about\/#primaryimage"},"image":{"@id":"https:\/\/rawlovefilms.com\/about\/#primaryimage"},"thumbnailUrl":"https:\/\/rawlovefilms.com\/public\/media\/2025\/02\/2.-Foto_LR-1.jpg","datePublished":"2025-01-30T23:00:56+00:00","dateModified":"2025-03-03T21:59:00+00:00","breadcrumb":{"@id":"https:\/\/rawlovefilms.com\/about\/#breadcrumb"},"inLanguage":"es","potentialAction":[{"@type":"ReadAction","target":["https:\/\/rawlovefilms.com\/about\/"]}]},{"@type":"ImageObject","inLanguage":"es","@id":"https:\/\/rawlovefilms.com\/about\/#primaryimage","url":"https:\/\/rawlovefilms.com\/public\/media\/2025\/02\/2.-Foto_LR-1.jpg","contentUrl":"https:\/\/rawlovefilms.com\/public\/media\/2025\/02\/2.-Foto_LR-1.jpg"},{"@type":"BreadcrumbList","@id":"https:\/\/rawlovefilms.com\/about\/#breadcrumb","itemListElement":[{"@type":"ListItem","position":1,"name":"Home","item":"https:\/\/rawlovefilms.com\/"},{"@type":"ListItem","position":2,"name":"Somos"}]},{"@type":"WebSite","@id":"https:\/\/rawlovefilms.com\/#website","url":"https:\/\/rawlovefilms.com\/","name":"Raw Love Films","description":"Vide\u00f3grafos de bodas","publisher":{"@id":"https:\/\/rawlovefilms.com\/#organization"},"potentialAction":[{"@type":"SearchAction","target":{"@type":"EntryPoint","urlTemplate":"https:\/\/rawlovefilms.com\/?s={search_term_string}"},"query-input":{"@type":"PropertyValueSpecification","valueRequired":true,"valueName":"search_term_string"}}],"inLanguage":"es"},{"@type":"Organization","@id":"https:\/\/rawlovefilms.com\/#organization","name":"Raw Love Films","url":"https:\/\/rawlovefilms.com\/","logo":{"@type":"ImageObject","inLanguage":"es","@id":"https:\/\/rawlovefilms.com\/#\/schema\/logo\/image\/","url":"https:\/\/rawlovefilms.com\/public\/media\/2025\/01\/cropped-RLF_fondo_blanco@3x.png","contentUrl":"https:\/\/rawlovefilms.com\/public\/media\/2025\/01\/cropped-RLF_fondo_blanco@3x.png","width":543,"height":543,"caption":"Raw Love Films"},"image":{"@id":"https:\/\/rawlovefilms.com\/#\/schema\/logo\/image\/"}}]}},"uagb_featured_image_src":{"full":false,"thumbnail":false,"medium":false,"medium_large":false,"large":false,"1536x1536":false,"2048x2048":false},"uagb_author_info":{"display_name":"axliweb","author_link":"https:\/\/rawlovefilms.com\/es\/author\/axliweb\/"},"uagb_comment_info":0,"uagb_excerpt":"WHO WEARE Nos enfocamos en capturar los momentos m\u00e1s aut\u00e9nticos y espont\u00e1neos de un d\u00eda tan especial, transform\u00e1ndolos en videos de boda art\u00edsticos que te sumergen en un viaje emocional. Con gran atenci\u00f3n al detalle y una verdadera PASI\u00d3N POR CONTAR HISTORIAS, CREAMOS V\u00cdDEOS DE BOTA ATEMPORALES, que que te permitan sentir, valorar y disfrutar&hellip;","_links":{"self":[{"href":"https:\/\/rawlovefilms.com\/es\/wp-json\/wp\/v2\/pages\/96","targetHints":{"allow":["GET"]}}],"collection":[{"href":"https:\/\/rawlovefilms.com\/es\/wp-json\/wp\/v2\/pages"}],"about":[{"href":"https:\/\/rawlovefilms.com\/es\/wp-json\/wp\/v2\/types\/page"}],"author":[{"embeddable":true,"href":"https:\/\/rawlovefilms.com\/es\/wp-json\/wp\/v2\/users\/1"}],"replies":[{"embeddable":true,"href":"https:\/\/rawlovefilms.com\/es\/wp-json\/wp\/v2\/comments?post=96"}],"version-history":[{"count":53,"href":"https:\/\/rawlovefilms.com\/es\/wp-json\/wp\/v2\/pages\/96\/revisions"}],"predecessor-version":[{"id":400,"href":"https:\/\/rawlovefilms.com\/es\/wp-json\/wp\/v2\/pages\/96\/revisions\/400"}],"wp:attachment":[{"href":"https:\/\/rawlovefilms.com\/es\/wp-json\/wp\/v2\/media?parent=96"}],"curies":[{"name":"wp","href":"https:\/\/api.w.org\/{rel}","templated":true}]}}